{"id":1547,"date":"2023-07-25T21:55:12","date_gmt":"2023-07-25T19:55:12","guid":{"rendered":"https:\/\/climasoft.ch\/fr-ch\/?page_id=1547"},"modified":"2024-04-25T07:34:27","modified_gmt":"2024-04-25T05:34:27","slug":"disclaimer","status":"publish","type":"page","link":"https:\/\/climasoft.ch\/fr-ch\/disclaimer\/","title":{"rendered":"R\u00e9serve"},"content":{"rendered":"\n<p><strong>D\u00e9claration de copyright de CLIMASOFT<\/strong><\/p>\n\n\n\n<p>L&rsquo;autorisation d&rsquo;utiliser, de copier et de distribuer la documentation publi\u00e9e sur ce serveur Web mondial par CLIMASOFT est accord\u00e9e aux conditions suivantes : Chaque copie doit comprendre la d\u00e9claration de copyright dans son int\u00e9gralit\u00e9. Aucune partie de la documentation ne peut \u00eatre utilis\u00e9e \u00e0 des fins commerciales, elle est exclusivement \u00e0 titre informatif au sein d&rsquo;une organisation.<\/p>\n\n\n\n<p>Toutes les informations publi\u00e9es sur ce serveur Web mondial sont purement informatives et ne comprennent aucune d\u00e9claration de garantie, ni expresse ni implicite. Ceci s&rsquo;applique \u00e9galement aux garanties d&rsquo;aptitude \u00e0 l&rsquo;usage commun, \u00e0 l&rsquo;application \u00e0 un usage particulier ou \u00e0 la loi &#8211; mais sans s&rsquo;y limiter. Cette documentation CLIMASOFT peut contenir des inexactitudes techniques ou des erreurs typographiques. CLIMASOFT peut de temps \u00e0 autre modifier ou compl\u00e9ter toutes les informations incluses.<\/p>\n\n\n\n<p><strong>Clause de non-responsabilit\u00e9<\/strong><\/p>\n\n\n\n<p>L&rsquo;achat de biens et de services est soumis aux conditions g\u00e9n\u00e9rales de vente de CLIMASOFT.<\/p>\n\n\n\n<p>Les garanties ne s&rsquo;appliquent qu&rsquo;aux contrats explicites entre les clients et la Soci\u00e9t\u00e9. Les d\u00e9tails fournis dans cette documentation sont uniquement \u00e0 des fins d&rsquo;information g\u00e9n\u00e9rale. Ils ne sont pas destin\u00e9s \u00e0 garantir les propri\u00e9t\u00e9s particuli\u00e8res du produit ou son ad\u00e9quation \u00e0 des fins d&rsquo;utilisation particuli\u00e8res. Ils sont uniquement destin\u00e9s \u00e0 des informations g\u00e9n\u00e9rales. Les produits et syst\u00e8mes illustr\u00e9s sont uniquement destin\u00e9s \u00e0 montrer des alternatives de produits possibles. Les illustrations peuvent \u00e9galement montrer des produits et des syst\u00e8mes qui ont \u00e9t\u00e9 adapt\u00e9s aux besoins sp\u00e9cifiques des clients et qui ne sont disponibles que sous cette forme en tant que solutions sp\u00e9cifiques au client. Certains produits et syst\u00e8mes fournis dans cette documentation peuvent pr\u00e9senter des \u00e9quipements sp\u00e9ciaux qui ne sont disponibles que moyennant des frais suppl\u00e9mentaires.<\/p>\n\n\n\n<p>Les d\u00e9tails sur l&rsquo;\u00e9tendue de la livraison, l&rsquo;apparence, les performances ainsi que les poids et mesures sont valables au moment de la publication de cette documentation et peuvent \u00eatre modifi\u00e9s \u00e0 tout moment. Toutes les versions pr\u00e9c\u00e9dentes sont maintenant remplac\u00e9es.<\/p>\n\n\n<div class=\"wp-block-image\">\n<figure class=\"aligncenter size-full is-resized\"><a href=\"https:\/\/climasoft.ch\/fr-ch\/boutique\/\"><img loading=\"lazy\" decoding=\"async\" width=\"705\" height=\"488\" src=\"https:\/\/climasoft.ch\/fr-ch\/wp-content\/uploads\/2024\/04\/aa-7.png\" alt=\"\" class=\"wp-image-2690\" style=\"width:1200px\" srcset=\"https:\/\/climasoft.ch\/fr-ch\/wp-content\/uploads\/2024\/04\/aa-7.png 705w, https:\/\/climasoft.ch\/fr-ch\/wp-content\/uploads\/2024\/04\/aa-7-324x224.png 324w, https:\/\/climasoft.ch\/fr-ch\/wp-content\/uploads\/2024\/04\/aa-7-416x288.png 416w, https:\/\/climasoft.ch\/fr-ch\/wp-content\/uploads\/2024\/04\/aa-7-64x44.png 64w, https:\/\/climasoft.ch\/fr-ch\/wp-content\/uploads\/2024\/04\/aa-7-300x208.png 300w\" sizes=\"auto, (max-width: 705px) 100vw, 705px\" \/><\/a><\/figure>\n<\/div>","protected":false},"excerpt":{"rendered":"<p>D\u00e9claration de copyright de CLIMASOFT L&rsquo;autorisation d&rsquo;utiliser, de copier et de distribuer la documentation publi\u00e9e sur ce serveur Web mondial par CLIMASOFT est accord\u00e9e aux conditions suivantes : Chaque copie doit comprendre la d\u00e9claration de copyright dans son int\u00e9gralit\u00e9. Aucune partie de la documentation ne peut \u00eatre utilis\u00e9e \u00e0 des fins commerciales, elle est exclusivement [&hellip;]<\/p>\n","protected":false},"author":1,"featured_media":0,"parent":0,"menu_order":0,"comment_status":"closed","ping_status":"closed","template":"","meta":{"footnotes":""},"class_list":["post-1547","page","type-page","status-publish","hentry"],"_links":{"self":[{"href":"https:\/\/climasoft.ch\/fr-ch\/wp-json\/wp\/v2\/pages\/1547","targetHints":{"allow":["GET"]}}],"collection":[{"href":"https:\/\/climasoft.ch\/fr-ch\/wp-json\/wp\/v2\/pages"}],"about":[{"href":"https:\/\/climasoft.ch\/fr-ch\/wp-json\/wp\/v2\/types\/page"}],"author":[{"embeddable":true,"href":"https:\/\/climasoft.ch\/fr-ch\/wp-json\/wp\/v2\/users\/1"}],"replies":[{"embeddable":true,"href":"https:\/\/climasoft.ch\/fr-ch\/wp-json\/wp\/v2\/comments?post=1547"}],"version-history":[{"count":5,"href":"https:\/\/climasoft.ch\/fr-ch\/wp-json\/wp\/v2\/pages\/1547\/revisions"}],"predecessor-version":[{"id":2901,"href":"https:\/\/climasoft.ch\/fr-ch\/wp-json\/wp\/v2\/pages\/1547\/revisions\/2901"}],"wp:attachment":[{"href":"https:\/\/climasoft.ch\/fr-ch\/wp-json\/wp\/v2\/media?parent=1547"}],"curies":[{"name":"wp","href":"https:\/\/api.w.org\/{rel}","templated":true}]}}