{"id":1573,"date":"2023-07-28T10:37:42","date_gmt":"2023-07-28T08:37:42","guid":{"rendered":"https:\/\/climasoft.ch\/fr-ch\/?page_id=1573"},"modified":"2024-10-31T21:02:56","modified_gmt":"2024-10-31T20:02:56","slug":"emplois-et-carrieres","status":"publish","type":"page","link":"https:\/\/climasoft.ch\/fr-ch\/emplois-et-carrieres\/","title":{"rendered":"Jobs, emplois et carri\u00e8res"},"content":{"rendered":"\n<p>Chez nous, l&rsquo;innovation est au c\u0153ur de tout ce que nous faisons.<\/p>\n\n\n\n<p>Si tu aspires \u00e0 repousser les limites et \u00e0 relever des d\u00e9fis stimulants, postule maintenant pour faire partie de notre Team, ta passion pour l&rsquo;innovation nous int\u00e9resse ! Envoie-nous ta candidature \u00e0 <a href=\"mailto:info@climasoft.ch\">info@climasoft.ch<\/a><\/p>\n\n\n\n<h2 class=\"wp-block-heading\"><strong>\u00c0 pourvoir :<\/strong><\/h2>\n\n\n\n<p class=\"has-white-color has-text-color\">.<\/p>\n\n\n\n<h4 class=\"wp-block-heading has-text-align-center\">R\u00e9f. ESHOP0017 <strong>Directrice Commerciale, Directeur Commercial<\/strong><\/h4>\n\n\n\n<p><\/p>\n\n\n\n<ul class=\"wp-block-list\">\n<li>Tu es un professionnel dans le domaine CVC+S+E+G, avec une exp\u00e9rience solide dans le d\u00e9veloppement des affaires et la gestion d&rsquo;\u00e9quipes commerciales ? Tu cherches une opportunit\u00e9 passionnante pour diriger notre d\u00e9partement commercial en Suisse ? Alors, cette offre est faite pour toi !<\/li>\n\n\n\n<li>En tant que <strong>Directrice Commerciale\/Directeur Commercial<\/strong> dans le domaine CVC+S+E+G, tu seras le moteur de notre croissance sur le march\u00e9 suisse. Ta connaissance du secteur, ton r\u00e9seau et ton expertise technique te permettront de saisir les opportunit\u00e9s commerciales, de d\u00e9velopper des relations clients solides et de conclure des contrats strat\u00e9giques.<\/li>\n\n\n\n<li>Tu collaboreras \u00e9troitement avec notre \u00e9quipe technique et d&rsquo;ing\u00e9nierie pour fournir des solutions innovantes et sur mesure \u00e0 nos clients.<\/li>\n\n\n\n<li>Notre entreprise accorde une importance capitale \u00e0 la qualit\u00e9, \u00e0 l&rsquo;innovation et \u00e0 la satisfaction client. En tant que <strong>Directrice Commerciale\/Directeur Commercial<\/strong>, tu joueras un r\u00f4le essentiel dans la r\u00e9alisation de notre vision, tout en contribuant \u00e0 la croissance de notre portefeuille client et \u00e0 l&rsquo;expansion de notre pr\u00e9sence sur le march\u00e9 suisse.<\/li>\n\n\n\n<li>Si tu es passionn\u00e9 par le secteur CVC+S+E+G, que tu as un historique \u00e9prouv\u00e9 en tant que leader commercial dans ce domaine en Suisse, et que tu aspires \u00e0 travailler au sein d&rsquo;une entreprise renomm\u00e9e pour son excellence et son engagement envers ses employ\u00e9s, nous attendons ta candidature avec impatience.<\/li>\n\n\n\n<li>Ne manque pas cette opportunit\u00e9 de faire partie de notre \u00e9quipe dynamique et prosp\u00e8re en tant que <strong>Directrice Commerciale\/Directeur Commercial<\/strong>.<\/li>\n\n\n\n<li><strong>Postule <\/strong>d\u00e8s maintenant \u00e0 <a href=\"mailto:info@climasoft.ch\">info@climasoft.ch<\/a> et d\u00e9couvre comment ton expertise et ta d\u00e9termination contribueront \u00e0 notre succ\u00e8s continu sur le march\u00e9 suisse.<\/li>\n<\/ul>\n\n\n\n<hr class=\"wp-block-separator has-text-color has-white-color has-alpha-channel-opacity has-white-background-color has-background\"\/>\n\n\n\n<hr class=\"wp-block-separator has-text-color has-white-color has-alpha-channel-opacity has-white-background-color has-background\"\/>\n\n\n<div class=\"wp-block-image\">\n<figure class=\"aligncenter size-full is-resized\"><img loading=\"lazy\" decoding=\"async\" width=\"474\" height=\"316\" src=\"https:\/\/climasoft.ch\/fr-ch\/wp-content\/uploads\/2024\/09\/empleo-1.jpg\" alt=\"\" class=\"wp-image-3086\" style=\"width:1300px\" srcset=\"https:\/\/climasoft.ch\/fr-ch\/wp-content\/uploads\/2024\/09\/empleo-1.jpg 474w, https:\/\/climasoft.ch\/fr-ch\/wp-content\/uploads\/2024\/09\/empleo-1-324x216.jpg 324w, https:\/\/climasoft.ch\/fr-ch\/wp-content\/uploads\/2024\/09\/empleo-1-416x277.jpg 416w, https:\/\/climasoft.ch\/fr-ch\/wp-content\/uploads\/2024\/09\/empleo-1-64x43.jpg 64w, https:\/\/climasoft.ch\/fr-ch\/wp-content\/uploads\/2024\/09\/empleo-1-300x200.jpg 300w\" sizes=\"auto, (max-width: 474px) 100vw, 474px\" \/><\/figure>\n<\/div>\n\n\n<hr class=\"wp-block-separator has-text-color has-white-color has-alpha-channel-opacity has-white-background-color has-background\"\/>\n\n\n\n<hr class=\"wp-block-separator has-alpha-channel-opacity is-style-wide\"\/>\n\n\n\n<p><\/p>\n\n\n<div class=\"wp-block-image\">\n<figure class=\"aligncenter size-full is-resized\"><a href=\"https:\/\/climasoft.ch\/fr-ch\/boutique\/\"><img loading=\"lazy\" decoding=\"async\" width=\"705\" height=\"488\" src=\"https:\/\/climasoft.ch\/fr-ch\/wp-content\/uploads\/2024\/04\/aa-7.png\" alt=\"\" class=\"wp-image-2690\" style=\"width:1200px\" srcset=\"https:\/\/climasoft.ch\/fr-ch\/wp-content\/uploads\/2024\/04\/aa-7.png 705w, https:\/\/climasoft.ch\/fr-ch\/wp-content\/uploads\/2024\/04\/aa-7-324x224.png 324w, https:\/\/climasoft.ch\/fr-ch\/wp-content\/uploads\/2024\/04\/aa-7-416x288.png 416w, https:\/\/climasoft.ch\/fr-ch\/wp-content\/uploads\/2024\/04\/aa-7-64x44.png 64w, https:\/\/climasoft.ch\/fr-ch\/wp-content\/uploads\/2024\/04\/aa-7-300x208.png 300w\" sizes=\"auto, (max-width: 705px) 100vw, 705px\" \/><\/a><\/figure>\n<\/div>","protected":false},"excerpt":{"rendered":"<p>Chez nous, l&rsquo;innovation est au c\u0153ur de tout ce que nous faisons. Si tu aspires \u00e0 repousser les limites et \u00e0 relever des d\u00e9fis stimulants, postule maintenant pour faire partie de notre Team, ta passion pour l&rsquo;innovation nous int\u00e9resse ! Envoie-nous ta candidature \u00e0 info@climasoft.ch \u00c0 pourvoir : . R\u00e9f. ESHOP0017 Directrice Commerciale, Directeur Commercial<\/p>\n","protected":false},"author":1,"featured_media":0,"parent":0,"menu_order":0,"comment_status":"closed","ping_status":"closed","template":"","meta":{"footnotes":""},"class_list":["post-1573","page","type-page","status-publish","hentry"],"_links":{"self":[{"href":"https:\/\/climasoft.ch\/fr-ch\/wp-json\/wp\/v2\/pages\/1573","targetHints":{"allow":["GET"]}}],"collection":[{"href":"https:\/\/climasoft.ch\/fr-ch\/wp-json\/wp\/v2\/pages"}],"about":[{"href":"https:\/\/climasoft.ch\/fr-ch\/wp-json\/wp\/v2\/types\/page"}],"author":[{"embeddable":true,"href":"https:\/\/climasoft.ch\/fr-ch\/wp-json\/wp\/v2\/users\/1"}],"replies":[{"embeddable":true,"href":"https:\/\/climasoft.ch\/fr-ch\/wp-json\/wp\/v2\/comments?post=1573"}],"version-history":[{"count":14,"href":"https:\/\/climasoft.ch\/fr-ch\/wp-json\/wp\/v2\/pages\/1573\/revisions"}],"predecessor-version":[{"id":3332,"href":"https:\/\/climasoft.ch\/fr-ch\/wp-json\/wp\/v2\/pages\/1573\/revisions\/3332"}],"wp:attachment":[{"href":"https:\/\/climasoft.ch\/fr-ch\/wp-json\/wp\/v2\/media?parent=1573"}],"curies":[{"name":"wp","href":"https:\/\/api.w.org\/{rel}","templated":true}]}}