{"id":1575,"date":"2023-07-28T10:45:30","date_gmt":"2023-07-28T08:45:30","guid":{"rendered":"https:\/\/climasoft.ch\/fr-ch\/?page_id=1575"},"modified":"2024-09-24T07:31:29","modified_gmt":"2024-09-24T05:31:29","slug":"contact","status":"publish","type":"page","link":"https:\/\/climasoft.ch\/fr-ch\/contact\/","title":{"rendered":"Contact"},"content":{"rendered":"\n<h3 class=\"wp-block-heading\"><\/h3>\n\n\n\n<p>CLIMASOFT<br>CH-2605 Sonceboz-Sombeval (BE)<br>Suisse<\/p>\n\n\n\n<div class=\"wpcf7 no-js\" id=\"wpcf7-f2639-o1\" lang=\"fr-FR\" dir=\"ltr\" data-wpcf7-id=\"2639\">\n<div class=\"screen-reader-response\"><p role=\"status\" aria-live=\"polite\" aria-atomic=\"true\"><\/p> <ul><\/ul><\/div>\n<form action=\"\/fr-ch\/wp-json\/wp\/v2\/pages\/1575#wpcf7-f2639-o1\" method=\"post\" class=\"wpcf7-form init\" aria-label=\"Formulaire de contact\" novalidate=\"novalidate\" data-status=\"init\">\n<fieldset class=\"hidden-fields-container\"><input type=\"hidden\" name=\"_wpcf7\" value=\"2639\" \/><input type=\"hidden\" name=\"_wpcf7_version\" value=\"6.1.4\" \/><input type=\"hidden\" name=\"_wpcf7_locale\" value=\"fr_FR\" \/><input type=\"hidden\" name=\"_wpcf7_unit_tag\" value=\"wpcf7-f2639-o1\" \/><input type=\"hidden\" name=\"_wpcf7_container_post\" value=\"0\" \/><input type=\"hidden\" name=\"_wpcf7_posted_data_hash\" value=\"\" \/>\n<\/fieldset>\n<p><label> Nom<br \/>\n<span class=\"wpcf7-form-control-wrap\" data-name=\"your-name\"><input size=\"40\" maxlength=\"400\" class=\"wpcf7-form-control wpcf7-text wpcf7-validates-as-required\" autocomplete=\"name\" aria-required=\"true\" aria-invalid=\"false\" value=\"\" type=\"text\" name=\"your-name\" \/><\/span> <\/label>\n<\/p>\n<p><label> E-mail<br \/>\n<span class=\"wpcf7-form-control-wrap\" data-name=\"your-email\"><input size=\"40\" maxlength=\"400\" class=\"wpcf7-form-control wpcf7-email wpcf7-validates-as-required wpcf7-text wpcf7-validates-as-email\" autocomplete=\"email\" aria-required=\"true\" aria-invalid=\"false\" value=\"\" type=\"email\" name=\"your-email\" \/><\/span> <\/label>\n<\/p>\n<p><label> Objet<br \/>\n<span class=\"wpcf7-form-control-wrap\" data-name=\"your-subject\"><input size=\"40\" maxlength=\"400\" class=\"wpcf7-form-control wpcf7-text wpcf7-validates-as-required\" aria-required=\"true\" aria-invalid=\"false\" value=\"\" type=\"text\" name=\"your-subject\" \/><\/span> <\/label>\n<\/p>\n<p><label> Message<br \/>\n<span class=\"wpcf7-form-control-wrap\" data-name=\"your-message\"><textarea cols=\"40\" rows=\"10\" maxlength=\"2000\" class=\"wpcf7-form-control wpcf7-textarea wpcf7-validates-as-required\" aria-required=\"true\" aria-invalid=\"false\" name=\"your-message\"><\/textarea><\/span> <\/label>\n<\/p>\n<p><input class=\"wpcf7-form-control wpcf7-submit has-spinner\" type=\"submit\" value=\"Envoyer\" \/>\n<\/p><p style=\"display: none !important;\" class=\"akismet-fields-container\" data-prefix=\"_wpcf7_ak_\"><label>&#916;<textarea name=\"_wpcf7_ak_hp_textarea\" cols=\"45\" rows=\"8\" maxlength=\"100\"><\/textarea><\/label><input type=\"hidden\" id=\"ak_js_1\" name=\"_wpcf7_ak_js\" value=\"85\"\/><script>document.getElementById( \"ak_js_1\" ).setAttribute( \"value\", ( new Date() ).getTime() );<\/script><\/p><div class=\"wpcf7-response-output\" aria-hidden=\"true\"><\/div>\n<\/form>\n<\/div>\n\n\n\n\n<p><\/p>\n\n\n\n<figure class=\"wp-block-embed aligncenter is-type-video is-provider-youtube wp-block-embed-youtube wp-embed-aspect-16-9 wp-has-aspect-ratio\"><div class=\"wp-block-embed__wrapper\">\n<iframe loading=\"lazy\" title=\"Climasoft.ch e-shop\" width=\"980\" height=\"551\" src=\"https:\/\/www.youtube.com\/embed\/od0t5NUaX1U?feature=oembed\" frameborder=\"0\" allow=\"accelerometer; autoplay; clipboard-write; encrypted-media; gyroscope; picture-in-picture; web-share\" referrerpolicy=\"strict-origin-when-cross-origin\" allowfullscreen><\/iframe>\n<\/div><\/figure>\n\n\n\n<p>Toutes vos donn\u00e9es sont prot\u00e9g\u00e9es par la <a href=\"https:\/\/www.fedlex.admin.ch\/eli\/cc\/2022\/491\/fr\">loi f\u00e9d\u00e9rale sur la protection des donn\u00e9es <strong>LPD<\/strong><\/a> ainsi que par la <a href=\"https:\/\/www.edoeb.admin.ch\/edoeb\/fr\/home\/datenschutz\/grundlagen\/ndsg.html\">nouvelle loi f\u00e9d\u00e9rale sur la protection des donn\u00e9es <strong>nLPD<\/strong><\/a><\/p>\n\n\n<div class=\"wp-block-image\">\n<figure class=\"aligncenter size-full is-resized\"><a href=\"https:\/\/climasoft.ch\/fr-ch\/boutique\/\"><img loading=\"lazy\" decoding=\"async\" width=\"705\" height=\"488\" src=\"https:\/\/climasoft.ch\/fr-ch\/wp-content\/uploads\/2024\/04\/aa-7.png\" alt=\"\" class=\"wp-image-2690\" style=\"width:1200px\" srcset=\"https:\/\/climasoft.ch\/fr-ch\/wp-content\/uploads\/2024\/04\/aa-7.png 705w, https:\/\/climasoft.ch\/fr-ch\/wp-content\/uploads\/2024\/04\/aa-7-324x224.png 324w, https:\/\/climasoft.ch\/fr-ch\/wp-content\/uploads\/2024\/04\/aa-7-416x288.png 416w, https:\/\/climasoft.ch\/fr-ch\/wp-content\/uploads\/2024\/04\/aa-7-64x44.png 64w, https:\/\/climasoft.ch\/fr-ch\/wp-content\/uploads\/2024\/04\/aa-7-300x208.png 300w\" sizes=\"auto, (max-width: 705px) 100vw, 705px\" \/><\/a><\/figure>\n<\/div>","protected":false},"excerpt":{"rendered":"<p>CLIMASOFTCH-2605 Sonceboz-Sombeval (BE)Suisse Toutes vos donn\u00e9es sont prot\u00e9g\u00e9es par la loi f\u00e9d\u00e9rale sur la protection des donn\u00e9es LPD ainsi que par la nouvelle loi f\u00e9d\u00e9rale sur la protection des donn\u00e9es nLPD<\/p>\n","protected":false},"author":1,"featured_media":0,"parent":0,"menu_order":0,"comment_status":"closed","ping_status":"closed","template":"","meta":{"footnotes":""},"class_list":["post-1575","page","type-page","status-publish","hentry"],"_links":{"self":[{"href":"https:\/\/climasoft.ch\/fr-ch\/wp-json\/wp\/v2\/pages\/1575","targetHints":{"allow":["GET"]}}],"collection":[{"href":"https:\/\/climasoft.ch\/fr-ch\/wp-json\/wp\/v2\/pages"}],"about":[{"href":"https:\/\/climasoft.ch\/fr-ch\/wp-json\/wp\/v2\/types\/page"}],"author":[{"embeddable":true,"href":"https:\/\/climasoft.ch\/fr-ch\/wp-json\/wp\/v2\/users\/1"}],"replies":[{"embeddable":true,"href":"https:\/\/climasoft.ch\/fr-ch\/wp-json\/wp\/v2\/comments?post=1575"}],"version-history":[{"count":14,"href":"https:\/\/climasoft.ch\/fr-ch\/wp-json\/wp\/v2\/pages\/1575\/revisions"}],"predecessor-version":[{"id":3082,"href":"https:\/\/climasoft.ch\/fr-ch\/wp-json\/wp\/v2\/pages\/1575\/revisions\/3082"}],"wp:attachment":[{"href":"https:\/\/climasoft.ch\/fr-ch\/wp-json\/wp\/v2\/media?parent=1575"}],"curies":[{"name":"wp","href":"https:\/\/api.w.org\/{rel}","templated":true}]}}