{"id":3152,"date":"2024-10-16T12:07:43","date_gmt":"2024-10-16T10:07:43","guid":{"rendered":"https:\/\/climasoft.ch\/fr-ch\/?page_id=3152"},"modified":"2024-10-16T12:11:22","modified_gmt":"2024-10-16T10:11:22","slug":"articles","status":"publish","type":"page","link":"https:\/\/climasoft.ch\/fr-ch\/articles\/","title":{"rendered":"Articles"},"content":{"rendered":"<ul class=\"wp-block-latest-posts__list is-grid columns-3 aligncenter wp-block-latest-posts\"><li><div class=\"wp-block-latest-posts__featured-image aligncenter\"><a href=\"https:\/\/climasoft.ch\/fr-ch\/2024\/10\/16\/ccv3-all-in-one\/\" aria-label=\"CCV3 All in One\"><img loading=\"lazy\" decoding=\"async\" width=\"980\" height=\"454\" src=\"https:\/\/climasoft.ch\/fr-ch\/wp-content\/uploads\/2024\/10\/imagen-15-1024x474.png\" class=\"attachment-large size-large wp-post-image\" alt=\"\" style=\"\" srcset=\"https:\/\/climasoft.ch\/fr-ch\/wp-content\/uploads\/2024\/10\/imagen-15-1024x474.png 1024w, https:\/\/climasoft.ch\/fr-ch\/wp-content\/uploads\/2024\/10\/imagen-15-324x150.png 324w, https:\/\/climasoft.ch\/fr-ch\/wp-content\/uploads\/2024\/10\/imagen-15-416x192.png 416w, https:\/\/climasoft.ch\/fr-ch\/wp-content\/uploads\/2024\/10\/imagen-15-64x30.png 64w, https:\/\/climasoft.ch\/fr-ch\/wp-content\/uploads\/2024\/10\/imagen-15-300x139.png 300w, https:\/\/climasoft.ch\/fr-ch\/wp-content\/uploads\/2024\/10\/imagen-15-768x355.png 768w, https:\/\/climasoft.ch\/fr-ch\/wp-content\/uploads\/2024\/10\/imagen-15-1536x710.png 1536w, https:\/\/climasoft.ch\/fr-ch\/wp-content\/uploads\/2024\/10\/imagen-15-2048x947.png 2048w\" sizes=\"auto, (max-width: 980px) 100vw, 980px\" \/><\/a><\/div><a class=\"wp-block-latest-posts__post-title\" href=\"https:\/\/climasoft.ch\/fr-ch\/2024\/10\/16\/ccv3-all-in-one\/\">CCV3 All in One<\/a><div class=\"wp-block-latest-posts__post-excerpt\">CCV3 All-in-One inclus Chauffage, Climatisation, Ventilation et Eau Chaude Sanitaire avec une seule PAC air-air. D\u00e9couvrez le confort ultime avec le syst\u00e8me CCV3 All-in-One, con\u00e7u pour offrir un contr\u00f4le total de la temp\u00e9rature, de l&rsquo;humidit\u00e9 et de la qualit\u00e9 de l&rsquo;air dans chaque habitation ou zone, ainsi que de l&rsquo;eau chaude sanitaire, de votre maison,\u2026 <a class=\"wp-block-latest-posts__read-more\" href=\"https:\/\/climasoft.ch\/fr-ch\/2024\/10\/16\/ccv3-all-in-one\/\" rel=\"noopener noreferrer\">Lire la suite<span class=\"screen-reader-text\">\u00a0: CCV3 All in One<\/span><\/a><\/div><\/li>\n<\/ul>\n\n\n<p><\/p>\n","protected":false},"excerpt":{"rendered":"","protected":false},"author":1,"featured_media":0,"parent":0,"menu_order":0,"comment_status":"closed","ping_status":"closed","template":"","meta":{"footnotes":""},"class_list":["post-3152","page","type-page","status-publish","hentry"],"_links":{"self":[{"href":"https:\/\/climasoft.ch\/fr-ch\/wp-json\/wp\/v2\/pages\/3152","targetHints":{"allow":["GET"]}}],"collection":[{"href":"https:\/\/climasoft.ch\/fr-ch\/wp-json\/wp\/v2\/pages"}],"about":[{"href":"https:\/\/climasoft.ch\/fr-ch\/wp-json\/wp\/v2\/types\/page"}],"author":[{"embeddable":true,"href":"https:\/\/climasoft.ch\/fr-ch\/wp-json\/wp\/v2\/users\/1"}],"replies":[{"embeddable":true,"href":"https:\/\/climasoft.ch\/fr-ch\/wp-json\/wp\/v2\/comments?post=3152"}],"version-history":[{"count":4,"href":"https:\/\/climasoft.ch\/fr-ch\/wp-json\/wp\/v2\/pages\/3152\/revisions"}],"predecessor-version":[{"id":3190,"href":"https:\/\/climasoft.ch\/fr-ch\/wp-json\/wp\/v2\/pages\/3152\/revisions\/3190"}],"wp:attachment":[{"href":"https:\/\/climasoft.ch\/fr-ch\/wp-json\/wp\/v2\/media?parent=3152"}],"curies":[{"name":"wp","href":"https:\/\/api.w.org\/{rel}","templated":true}]}}