{"id":1732,"date":"2023-09-24T08:40:27","date_gmt":"2023-09-24T06:40:27","guid":{"rendered":"https:\/\/climasoft.ch\/fr-ch\/?post_type=product&#038;p=1732"},"modified":"2024-09-25T08:51:33","modified_gmt":"2024-09-25T06:51:33","slug":"ventilateur-eco-ec","status":"publish","type":"product","link":"https:\/\/climasoft.ch\/fr-ch\/produit\/ventilateur-eco-ec\/","title":{"rendered":"Ventilateur ECO-EC"},"content":{"rendered":"<p>Ventilateur:<br \/>\n\u2022 Enveloppe en mati\u00e8re plastique auto-extinguible V0.<br \/>\n\u2022 Bo\u00eete \u00e0 bornes externe, avec position variable.<br \/>\n\u2022 Installation simple et rapide.<\/p>\n<p>Moteur:<br \/>\n\u2022 Moteurs EC. Technologie avec roulements aux boules de longue dur\u00e9e.<br \/>\n\u2022 Indice de protection IP44.<br \/>\n\u2022 Deux vitesses s\u00e9lectionnables par commutateur.<br \/>\n\u2022 Chaque vitesse est r\u00e9glable par potentiom\u00e8tre dans la bo\u00eete \u00e0 bornes. Mod\u00e8le 315 r\u00e9glable par signal externe 0-10 V.<br \/>\n\u2022 Monophas\u00e9 220-240 V 50 Hz.<\/p>\n<p>\u2022 Temp\u00e9rature de travail\u00a0:<br \/>\nMod\u00e8les 100, 125 et 150 : -10 \u00baC +60 \u00baC.<br \/>\nMod\u00e8les 200, 250 et 315 : -10 \u00baC +50 \u00baC.<\/p>\n<p>Finition:<br \/>\n\u2022 En mati\u00e8re plastique, blanc,feu auto-extinguible V0.<\/p>\n<p><center><br \/>\n<img decoding=\"async\" src=\"https:\/\/climasoft.ch\/fr-ch\/wp-content\/uploads\/2023\/08\/uv-eco-ec-1-300x165.png\" alt=\"\" width=\"1100\" class=\"alignnone size-medium wp-image-1809\" srcset=\"https:\/\/climasoft.ch\/fr-ch\/wp-content\/uploads\/2023\/08\/uv-eco-ec-1-300x165.png 300w, https:\/\/climasoft.ch\/fr-ch\/wp-content\/uploads\/2023\/08\/uv-eco-ec-1-324x178.png 324w, https:\/\/climasoft.ch\/fr-ch\/wp-content\/uploads\/2023\/08\/uv-eco-ec-1-416x229.png 416w, https:\/\/climasoft.ch\/fr-ch\/wp-content\/uploads\/2023\/08\/uv-eco-ec-1-64x35.png 64w, https:\/\/climasoft.ch\/fr-ch\/wp-content\/uploads\/2023\/08\/uv-eco-ec-1-1024x563.png 1024w, https:\/\/climasoft.ch\/fr-ch\/wp-content\/uploads\/2023\/08\/uv-eco-ec-1-768x422.png 768w, https:\/\/climasoft.ch\/fr-ch\/wp-content\/uploads\/2023\/08\/uv-eco-ec-1.png 1100w\" sizes=\"(max-width: 300px) 100vw, 300px\" \/><\/p>\n<p><img decoding=\"async\" src=\"https:\/\/climasoft.ch\/fr-ch\/wp-content\/uploads\/2023\/08\/uv-eco-ec-2-300x219.png\" alt=\"\" width=\"877\" class=\"alignnone size-medium wp-image-1808\" srcset=\"https:\/\/climasoft.ch\/fr-ch\/wp-content\/uploads\/2023\/08\/uv-eco-ec-2-300x219.png 300w, https:\/\/climasoft.ch\/fr-ch\/wp-content\/uploads\/2023\/08\/uv-eco-ec-2-324x237.png 324w, https:\/\/climasoft.ch\/fr-ch\/wp-content\/uploads\/2023\/08\/uv-eco-ec-2-416x304.png 416w, https:\/\/climasoft.ch\/fr-ch\/wp-content\/uploads\/2023\/08\/uv-eco-ec-2-64x47.png 64w, https:\/\/climasoft.ch\/fr-ch\/wp-content\/uploads\/2023\/08\/uv-eco-ec-2-768x561.png 768w, https:\/\/climasoft.ch\/fr-ch\/wp-content\/uploads\/2023\/08\/uv-eco-ec-2.png 877w\" sizes=\"(max-width: 300px) 100vw, 300px\" \/><\/p>\n<p><img decoding=\"async\" src=\"https:\/\/climasoft.ch\/fr-ch\/wp-content\/uploads\/2023\/08\/uv-eco-ec-4-300x227.png\" alt=\"\" width=\"1241\" class=\"alignnone size-medium wp-image-1807\" srcset=\"https:\/\/climasoft.ch\/fr-ch\/wp-content\/uploads\/2023\/08\/uv-eco-ec-4-300x227.png 300w, https:\/\/climasoft.ch\/fr-ch\/wp-content\/uploads\/2023\/08\/uv-eco-ec-4-324x245.png 324w, https:\/\/climasoft.ch\/fr-ch\/wp-content\/uploads\/2023\/08\/uv-eco-ec-4-416x314.png 416w, https:\/\/climasoft.ch\/fr-ch\/wp-content\/uploads\/2023\/08\/uv-eco-ec-4-64x48.png 64w, https:\/\/climasoft.ch\/fr-ch\/wp-content\/uploads\/2023\/08\/uv-eco-ec-4-1024x774.png 1024w, https:\/\/climasoft.ch\/fr-ch\/wp-content\/uploads\/2023\/08\/uv-eco-ec-4-768x580.png 768w, https:\/\/climasoft.ch\/fr-ch\/wp-content\/uploads\/2023\/08\/uv-eco-ec-4.png 1241w\" sizes=\"(max-width: 300px) 100vw, 300px\" \/><\/p>\n<p><img decoding=\"async\" src=\"https:\/\/climasoft.ch\/fr-ch\/wp-content\/uploads\/2023\/08\/uv-eco-ec-5-300x227.png\" alt=\"\" width=\"1241\" class=\"alignnone size-medium wp-image-1806\" srcset=\"https:\/\/climasoft.ch\/fr-ch\/wp-content\/uploads\/2023\/08\/uv-eco-ec-5-300x227.png 300w, https:\/\/climasoft.ch\/fr-ch\/wp-content\/uploads\/2023\/08\/uv-eco-ec-5-324x245.png 324w, https:\/\/climasoft.ch\/fr-ch\/wp-content\/uploads\/2023\/08\/uv-eco-ec-5-416x314.png 416w, https:\/\/climasoft.ch\/fr-ch\/wp-content\/uploads\/2023\/08\/uv-eco-ec-5-64x48.png 64w, https:\/\/climasoft.ch\/fr-ch\/wp-content\/uploads\/2023\/08\/uv-eco-ec-5-1024x774.png 1024w, https:\/\/climasoft.ch\/fr-ch\/wp-content\/uploads\/2023\/08\/uv-eco-ec-5-768x580.png 768w, https:\/\/climasoft.ch\/fr-ch\/wp-content\/uploads\/2023\/08\/uv-eco-ec-5.png 1241w\" sizes=\"(max-width: 300px) 100vw, 300px\" \/><br \/>\n<\/center><\/p>\n<p><span class=\"embed-youtube\" style=\"text-align:left; display: block;\"><iframe loading=\"lazy\" class=\"youtube-player\" width=\"338\" height=\"190\" src=\"https:\/\/www.youtube.com\/embed\/od0t5NUaX1U?version=3&#038;rel=1&#038;showsearch=0&#038;showinfo=1&#038;iv_load_policy=1&#038;fs=1&#038;hl=es&#038;autohide=2&#038;wmode=transparent\" allowfullscreen=\"true\" style=\"border:0;\" sandbox=\"allow-scripts allow-same-origin allow-popups allow-presentation\"><\/iframe><\/span><\/p>\n<p>Les images peuvent diff\u00e9rer de l&rsquo;aspect r\u00e9el du produit.<\/p>\n","protected":false},"excerpt":{"rendered":"<p>Ventilateur en ligne pour les r\u00e9seaux d&rsquo;air de ventilation, avec corps extractible et dimensions r\u00e9duites, \u00e9quip\u00e9s de moteur avec technologie EC.<\/p>\n","protected":false},"featured_media":1828,"comment_status":"open","ping_status":"closed","template":"","meta":[],"product_brand":[],"product_cat":[26,72,54,58,57,84],"product_tag":[],"class_list":{"0":"post-1732","1":"product","2":"type-product","3":"status-publish","4":"has-post-thumbnail","6":"product_cat-cvc","7":"product_cat-diffusion-dair","8":"product_cat-ventilateur","9":"product_cat-caisson-ventilateur","10":"product_cat-centrifuge-ventilateur","11":"product_cat-ventilation","13":"first","14":"instock","15":"taxable","16":"shipping-taxable","17":"purchasable","18":"product-type-variable"},"_links":{"self":[{"href":"https:\/\/climasoft.ch\/fr-ch\/wp-json\/wp\/v2\/product\/1732","targetHints":{"allow":["GET"]}}],"collection":[{"href":"https:\/\/climasoft.ch\/fr-ch\/wp-json\/wp\/v2\/product"}],"about":[{"href":"https:\/\/climasoft.ch\/fr-ch\/wp-json\/wp\/v2\/types\/product"}],"replies":[{"embeddable":true,"href":"https:\/\/climasoft.ch\/fr-ch\/wp-json\/wp\/v2\/comments?post=1732"}],"wp:featuredmedia":[{"embeddable":true,"href":"https:\/\/climasoft.ch\/fr-ch\/wp-json\/wp\/v2\/media\/1828"}],"wp:attachment":[{"href":"https:\/\/climasoft.ch\/fr-ch\/wp-json\/wp\/v2\/media?parent=1732"}],"wp:term":[{"taxonomy":"product_brand","embeddable":true,"href":"https:\/\/climasoft.ch\/fr-ch\/wp-json\/wp\/v2\/product_brand?post=1732"},{"taxonomy":"product_cat","embeddable":true,"href":"https:\/\/climasoft.ch\/fr-ch\/wp-json\/wp\/v2\/product_cat?post=1732"},{"taxonomy":"product_tag","embeddable":true,"href":"https:\/\/climasoft.ch\/fr-ch\/wp-json\/wp\/v2\/product_tag?post=1732"}],"curies":[{"name":"wp","href":"https:\/\/api.w.org\/{rel}","templated":true}]}}