{"id":2305,"date":"2023-09-24T08:55:22","date_gmt":"2023-09-24T06:55:22","guid":{"rendered":"https:\/\/climasoft.ch\/fr-ch\/?post_type=product&#038;p=2305"},"modified":"2025-06-19T08:24:06","modified_gmt":"2025-06-19T06:24:06","slug":"chambre-germicide-uv-c-2","status":"publish","type":"product","link":"https:\/\/climasoft.ch\/fr-ch\/produit\/chambre-germicide-uv-c-2\/","title":{"rendered":"Chambre germicide UVc"},"content":{"rendered":"<p><a href=\"https:\/\/itachyon.ch\/tachyon-earth-switzerland\/ch\/fr\/wp-content\/uploads\/2021\/11\/SWISSPRODUCT.ES-Brochure-UVC-FR-v1-HQ.pdf\"><img loading=\"lazy\" decoding=\"async\" class=\"size-medium wp-image-2610 alignleft\" src=\"https:\/\/climasoft.ch\/fr-ch\/wp-content\/uploads\/2023\/11\/iTACHYON.CH-Brochure-UVC-pdf-portada-209x300.webp\" alt=\"\" width=\"209\" height=\"300\" srcset=\"https:\/\/climasoft.ch\/fr-ch\/wp-content\/uploads\/2023\/11\/iTACHYON.CH-Brochure-UVC-pdf-portada-209x300.webp 209w, https:\/\/climasoft.ch\/fr-ch\/wp-content\/uploads\/2023\/11\/iTACHYON.CH-Brochure-UVC-pdf-portada-324x465.webp 324w, https:\/\/climasoft.ch\/fr-ch\/wp-content\/uploads\/2023\/11\/iTACHYON.CH-Brochure-UVC-pdf-portada-416x597.webp 416w, https:\/\/climasoft.ch\/fr-ch\/wp-content\/uploads\/2023\/11\/iTACHYON.CH-Brochure-UVC-pdf-portada-64x92.webp 64w, https:\/\/climasoft.ch\/fr-ch\/wp-content\/uploads\/2023\/11\/iTACHYON.CH-Brochure-UVC-pdf-portada.webp 600w\" sizes=\"auto, (max-width: 209px) 100vw, 209px\" \/><\/a>Chambre germicide sans ventilateur pour gaines circulaires (rondes), \u00e9quip\u00e9e de lampes \u00e0 rayonnement ultraviolet UV-C.<\/p>\n<p>\u00c9limine virus, bact\u00e9ries et germes.<br \/>\nAm\u00e9liore les conditions d&rsquo;hygi\u00e8ne.<br \/>\nD\u00e9sinfection de l&rsquo;air.<br \/>\nAugmentation de la qualit\u00e9 de l&rsquo;air.<br \/>\nPour les installations de CVC\/R\/G existantes ou neuves.<\/p>\n<p>En option, des \u00e9tapes de filtration sont disponibles, ainsi que d&rsquo;\u00e9lectronique embarqu\u00e9e pour la surveillance en ligne (Internet) et en temps r\u00e9el des g\u00e9n\u00e9rateurs d\u2019UV-C.<\/p>\n<p>Id\u00e9ale pour installer dans les installations de climatisation et de ventilation nouvelles ou d\u00e9j\u00e0 existantes.<\/p>\n<p>Caract\u00e9ristiques :<\/p>\n<p>Chambre germicide \u00e0 lampes \u00e0 rayonnement ultraviolet UV-C (256 nm).<br \/>\nPanneau acc\u00e8s entretien.<br \/>\nInstallation facile.<br \/>\nMod\u00e8les \u00e0 profil mince pour installation dans faux plafond.<br \/>\n\u00c9tapes de filtration selon mod\u00e8les F7 + F9 ou F7 + HEPA H14.<\/p>\n<p>Remplacement des filtres facile et rapide au moyen de guides.<br \/>\nBrides en aspiration et impulsion, pour faciliter l\u2019installation dans les conduits.<\/p>\n<p>Selon les mod\u00e8les, ces unit\u00e9s de purification peuvent contenir une chambre germicide compos\u00e9e de lampes \u00e0 rayonnement ultraviolet UV-C selon un spectre de 256 nm, soit la longueur d\u2019onde indiqu\u00e9e pour neutraliser une grande vari\u00e9t\u00e9 de microorganismes en absorbant l\u2019\u00e9nergie \u00e0 onde courte au travers de l\u2019ADN et de l\u2019ARN. Pour conna\u00eetre les types de virus ou de bact\u00e9ries susceptibles d\u2019\u00eatre affect\u00e9s par la dose de rayonnement de la chambre germicide, consultez un document sp\u00e9cifique.<\/p>\n<p>Tension d\u2019alimentation : 240 V<\/p>\n<p>Les dimensions et caract\u00e9ristiques standards ici propos\u00e9es sont disponibles imm\u00e9diatement, pour d&rsquo;autres dimensions, caract\u00e9ristiques et\/ou variantes, svp contactez-nous.<\/p>\n<p>Support Scientifique, bibliographie :\u00a0 <a href=\"https:\/\/www.nature.com\/search?q=UV-C+sars-cov&amp;journal=\" target=\"_blank\" rel=\"noopener\">NATURE journal<\/a><\/p>\n<p>Les images peuvent diff\u00e9rer de l&rsquo;aspect r\u00e9el du produit.<\/p>\n<p>&nbsp;<\/p>\n<p><iframe loading=\"lazy\" title=\"Climasoft.ch e-shop\" width=\"980\" height=\"551\" src=\"https:\/\/www.youtube.com\/embed\/od0t5NUaX1U?feature=oembed\" frameborder=\"0\" allow=\"accelerometer; autoplay; clipboard-write; encrypted-media; gyroscope; picture-in-picture; web-share\" referrerpolicy=\"strict-origin-when-cross-origin\" allowfullscreen><\/iframe><\/p>\n","protected":false},"excerpt":{"rendered":"<p>Chambre germicide sans ventilateur pour gaines circulaires (rondes). \u00c9quip\u00e9e de lampes \u00e0 rayonnement ultraviolet UV-C.<br \/>\n\u00c0 int\u00e9grer dans tous les r\u00e9seaux d&rsquo;air de ventilation, climatisation et chauffage.<\/p>\n<p><a href=\"https:\/\/itachyon.ch\/INDUSTRIE40\/IoT\/88\/bd\/data-50.php\"><img loading=\"lazy\" decoding=\"async\" class=\"alignnone wp-image-2633\" src=\"https:\/\/climasoft.ch\/fr-ch\/wp-content\/uploads\/2023\/10\/live-demo-300x84.png\" alt=\"\" width=\"125\" height=\"35\" srcset=\"https:\/\/climasoft.ch\/fr-ch\/wp-content\/uploads\/2023\/10\/live-demo-300x84.png 300w, https:\/\/climasoft.ch\/fr-ch\/wp-content\/uploads\/2023\/10\/live-demo-324x91.png 324w, https:\/\/climasoft.ch\/fr-ch\/wp-content\/uploads\/2023\/10\/live-demo-416x117.png 416w, https:\/\/climasoft.ch\/fr-ch\/wp-content\/uploads\/2023\/10\/live-demo-64x18.png 64w, https:\/\/climasoft.ch\/fr-ch\/wp-content\/uploads\/2023\/10\/live-demo-1024x287.png 1024w, https:\/\/climasoft.ch\/fr-ch\/wp-content\/uploads\/2023\/10\/live-demo-768x215.png 768w, https:\/\/climasoft.ch\/fr-ch\/wp-content\/uploads\/2023\/10\/live-demo-350x100.png 350w, https:\/\/climasoft.ch\/fr-ch\/wp-content\/uploads\/2023\/10\/live-demo.png 1209w\" sizes=\"auto, (max-width: 125px) 100vw, 125px\" \/><\/a><\/p>\n<p><span class=\"embed-youtube\" style=\"text-align: left; display: block;\"><iframe loading=\"lazy\" class=\"youtube-player\" style=\"border: 0;\" src=\"https:\/\/www.youtube.com\/embed\/-i3nqzCXY00?version=3&amp;rel=1&amp;showsearch=0&amp;showinfo=1&amp;iv_load_policy=1&amp;fs=1&amp;hl=es&amp;autohide=2&amp;wmode=transparent\" width=\"338\" height=\"190\" sandbox=\"allow-scripts allow-same-origin allow-popups allow-presentation\" allowfullscreen=\"allowfullscreen\"><\/iframe><\/span><\/p>\n<p><span class=\"embed-youtube\" style=\"text-align: left; display: block;\"><iframe loading=\"lazy\" class=\"youtube-player\" style=\"border: 0;\" src=\"https:\/\/www.youtube.com\/embed\/P-qpeKefrqo?version=3&amp;rel=1&amp;showsearch=0&amp;showinfo=1&amp;iv_load_policy=1&amp;fs=1&amp;hl=es&amp;autohide=2&amp;wmode=transparent\" width=\"338\" height=\"190\" sandbox=\"allow-scripts allow-same-origin allow-popups allow-presentation\" allowfullscreen=\"allowfullscreen\"><\/iframe><\/span><\/p>\n<p><span class=\"embed-youtube\" style=\"text-align: left; display: block;\"><iframe loading=\"lazy\" class=\"youtube-player\" style=\"border: 0;\" src=\"https:\/\/www.youtube.com\/embed\/sejP7uwQ3-A?version=3&amp;rel=1&amp;showsearch=0&amp;showinfo=1&amp;iv_load_policy=1&amp;fs=1&amp;hl=es&amp;autohide=2&amp;wmode=transparent\" width=\"338\" height=\"190\" sandbox=\"allow-scripts allow-same-origin allow-popups allow-presentation\" allowfullscreen=\"allowfullscreen\"><\/iframe><\/span><\/p>\n","protected":false},"featured_media":2289,"comment_status":"open","ping_status":"closed","template":"","meta":[],"product_brand":[],"product_cat":[26,62,65,63,72,84],"product_tag":[],"class_list":{"0":"post-2305","1":"product","2":"type-product","3":"status-publish","4":"has-post-thumbnail","6":"product_cat-cvc","7":"product_cat-chambre-germicide","8":"product_cat-conduite-circulaire-chambre-germicide","9":"product_cat-uv-c","10":"product_cat-diffusion-dair","11":"product_cat-ventilation","13":"first","14":"instock","15":"taxable","16":"shipping-taxable","17":"purchasable","18":"product-type-variable"},"_links":{"self":[{"href":"https:\/\/climasoft.ch\/fr-ch\/wp-json\/wp\/v2\/product\/2305","targetHints":{"allow":["GET"]}}],"collection":[{"href":"https:\/\/climasoft.ch\/fr-ch\/wp-json\/wp\/v2\/product"}],"about":[{"href":"https:\/\/climasoft.ch\/fr-ch\/wp-json\/wp\/v2\/types\/product"}],"replies":[{"embeddable":true,"href":"https:\/\/climasoft.ch\/fr-ch\/wp-json\/wp\/v2\/comments?post=2305"}],"wp:featuredmedia":[{"embeddable":true,"href":"https:\/\/climasoft.ch\/fr-ch\/wp-json\/wp\/v2\/media\/2289"}],"wp:attachment":[{"href":"https:\/\/climasoft.ch\/fr-ch\/wp-json\/wp\/v2\/media?parent=2305"}],"wp:term":[{"taxonomy":"product_brand","embeddable":true,"href":"https:\/\/climasoft.ch\/fr-ch\/wp-json\/wp\/v2\/product_brand?post=2305"},{"taxonomy":"product_cat","embeddable":true,"href":"https:\/\/climasoft.ch\/fr-ch\/wp-json\/wp\/v2\/product_cat?post=2305"},{"taxonomy":"product_tag","embeddable":true,"href":"https:\/\/climasoft.ch\/fr-ch\/wp-json\/wp\/v2\/product_tag?post=2305"}],"curies":[{"name":"wp","href":"https:\/\/api.w.org\/{rel}","templated":true}]}}