{"id":2451,"date":"2023-10-15T20:14:31","date_gmt":"2023-10-15T18:14:31","guid":{"rendered":"https:\/\/climasoft.ch\/fr-ch\/?post_type=product&#038;p=2451"},"modified":"2026-01-21T08:40:58","modified_gmt":"2026-01-21T07:40:58","slug":"imultitemp-vxs-multicapteur-de-temperature","status":"publish","type":"product","link":"https:\/\/climasoft.ch\/fr-ch\/produit\/imultitemp-vxs-multicapteur-de-temperature\/","title":{"rendered":"Capteur connect\u00e9 : iMULTITEMP vXS temp\u00e9rature multi-zones"},"content":{"rendered":"<p><strong>iMULTITEMP vXS : Surveillance multi-zones de temp\u00e9rature en temps r\u00e9el<\/strong><\/p>\n<p>Le bo\u00eetier \u00e9lectronique connect\u00e9 <strong>iMULTITEMP vXS<\/strong> est con\u00e7u pour capturer et surveiller \u00e0 distance les temp\u00e9ratures de plusieurs zones simultan\u00e9ment, en temps r\u00e9el, via Internet. Id\u00e9al pour un contr\u00f4le pr\u00e9cis et \u00e0 distance, ce syst\u00e8me est parfait pour diverses applications professionnelles.<\/p>\n<p><strong>Caract\u00e9ristiques<\/strong><br \/>\nLe syst\u00e8me est \u00e9quip\u00e9 d\u2019un convertisseur analogique-num\u00e9rique, permettant la transmission des donn\u00e9es via Wi-Fi, ainsi que de trois sondes de temp\u00e9rature digitales. Les sondes se connectent facilement aux bornes (+) et (-) du convertisseur <strong>iMULTITEMP vXS<\/strong>. Branchez ensuite l\u2019appareil \u00e0 une batterie rechargeable ou \u00e0 un adaptateur secteur USB standard, puis mettez-le sous tension pour commencer la surveillance.<\/p>\n<p><strong>Compatibilit\u00e9 et connexion automatique<\/strong><br \/>\nToutes les sondes de temp\u00e9rature digitales <strong>iCAL vXS<\/strong> sont enti\u00e8rement compatibles avec <strong>iMULTITEMP vXS<\/strong>. L\u2019appareil se connecte automatiquement au r\u00e9seau Wi-Fi local ou au Wi-Fi partag\u00e9 de votre t\u00e9l\u00e9phone, vous offrant une flexibilit\u00e9 maximale.<\/p>\n<p><strong>Acc\u00e8s aux donn\u00e9es en temps r\u00e9el<\/strong><br \/>\nUne fois connect\u00e9, acc\u00e9dez \u00e0 l\u2019interface Web et visualisez en temps r\u00e9el, depuis votre smartphone, tablette ou ordinateur, la position g\u00e9ographique de votre <strong>iMULTITEMP vXS<\/strong> ainsi que toutes les temp\u00e9ratures relev\u00e9es. Ces donn\u00e9es sont accessibles en continu, o\u00f9 que vous soyez.<\/p>\n<p><strong>Personnalisation et accessoires<\/strong><br \/>\nPersonnalisez votre exp\u00e9rience avec des options suppl\u00e9mentaires telles qu\u2019un logiciel sur mesure int\u00e9grant votre logo et des fonctionnalit\u00e9s adapt\u00e9es \u00e0 vos besoins sp\u00e9cifiques. Vous pouvez \u00e9galement choisir parmi une vari\u00e9t\u00e9 de sondes de temp\u00e9rature personnalis\u00e9es, disponibles en diff\u00e9rentes longueurs.<\/p>\n<p><strong>Options et accessoires disponibles<\/strong><br \/>\nNous offrons une large gamme d\u2019options pour adapter <strong>iMULTITEMP vXS<\/strong> \u00e0 vos besoins :<\/p>\n<ul>\n<li>Bornes de connexion multiples<\/li>\n<li>Alimentation ind\u00e9pendante avec carte SIM GSM<\/li>\n<li>Bo\u00eetiers de protection robustes certifi\u00e9s IP<\/li>\n<li>Sondes de temp\u00e9rature digitales <strong>iCAL vXS<\/strong> jusqu\u2019\u00e0 100 m\u00e8tres<\/li>\n<li>Batterie longue dur\u00e9e<\/li>\n<li>Syst\u00e8mes d\u2019alarmes avanc\u00e9s<\/li>\n<li>\u00c9crans LCD multiples<\/li>\n<li>Solutions OEM<\/li>\n<\/ul>\n<p><strong>Fabrication suisse<\/strong><br \/>\n<strong>iMULTITEMP vXS<\/strong> est un produit de qualit\u00e9, con\u00e7u et fabriqu\u00e9 en Suisse, garantissant fiabilit\u00e9 et pr\u00e9cision.<\/p>\n<p><strong>Inclus dans le pack iMULTITEMP vXS<br \/>\n<\/strong><\/p>\n<ul>\n<li>1 bo\u00eetier <strong>iMULTITEMP vXS<\/strong> avec lecture simultan\u00e9e jusqu\u2019\u00e0 3 sondes de temp\u00e9rature<\/li>\n<li>1 sonde de temp\u00e9rature avec c\u00e2ble de 1 m\u00e8tre<\/li>\n<li>1 sonde de temp\u00e9rature avec c\u00e2ble de 5 m\u00e8tres<\/li>\n<li>1 sonde de temp\u00e9rature avec c\u00e2ble de 10 m\u00e8tres<\/li>\n<li>Acc\u00e8s aux donn\u00e9es en ligne en temps r\u00e9el<\/li>\n<\/ul>\n<p><strong>Options disponibles :<\/strong><\/p>\n<ul>\n<li>GPS<\/li>\n<li>GSM<\/li>\n<li>SIM<\/li>\n<li>Sondes digitales personnalis\u00e9es jusqu&rsquo;\u00e0 100 m<\/li>\n<li>Batterie de haute autonomie<\/li>\n<li>Logiciel personnalis\u00e9<\/li>\n<li>Syst\u00e8mes d\u2019alarmes avanc\u00e9s<\/li>\n<li>\u00c9crans LCD multiples<\/li>\n<li>Personnalisation de hardware et software<\/li>\n<\/ul>\n<p><em>Note : Les images peuvent diff\u00e9rer du produit r\u00e9el.<\/em><\/p>\n<p>&nbsp;<\/p>\n<p>&nbsp;<\/p>\n<p><iframe loading=\"lazy\" title=\"Climasoft.ch e-shop\" width=\"980\" height=\"551\" src=\"https:\/\/www.youtube.com\/embed\/od0t5NUaX1U?feature=oembed\" frameborder=\"0\" allow=\"accelerometer; autoplay; clipboard-write; encrypted-media; gyroscope; picture-in-picture; web-share\" referrerpolicy=\"strict-origin-when-cross-origin\" allowfullscreen><\/iframe><\/p>\n","protected":false},"excerpt":{"rendered":"<p><strong>iMULTITEMP vXS : La solution pour une industrie 4.0 connect\u00e9e<\/strong><\/p>\n<p>Le syst\u00e8me <strong>iMULTITEMP vXS<\/strong> est con\u00e7u pour capturer et surveiller \u00e0 distance les temp\u00e9ratures de plusieurs zones simultan\u00e9ment, en temps r\u00e9el, via Internet. Id\u00e9al pour les environnements industriels modernes, il offre un contr\u00f4le pr\u00e9cis et automatis\u00e9, r\u00e9pondant aux exigences de l\u2019industrie 4.0.<\/p>\n<p><a href=\"https:\/\/itachyon.ch\/INDUSTRIE40\/IoT\/88\/bd\/data-50.php\"><img loading=\"lazy\" decoding=\"async\" class=\"alignnone wp-image-2633\" src=\"https:\/\/climasoft.ch\/fr-ch\/wp-content\/uploads\/2023\/10\/live-demo-300x84.png\" alt=\"\" width=\"125\" height=\"35\" srcset=\"https:\/\/climasoft.ch\/fr-ch\/wp-content\/uploads\/2023\/10\/live-demo-300x84.png 300w, https:\/\/climasoft.ch\/fr-ch\/wp-content\/uploads\/2023\/10\/live-demo-324x91.png 324w, https:\/\/climasoft.ch\/fr-ch\/wp-content\/uploads\/2023\/10\/live-demo-416x117.png 416w, https:\/\/climasoft.ch\/fr-ch\/wp-content\/uploads\/2023\/10\/live-demo-64x18.png 64w, https:\/\/climasoft.ch\/fr-ch\/wp-content\/uploads\/2023\/10\/live-demo-1024x287.png 1024w, https:\/\/climasoft.ch\/fr-ch\/wp-content\/uploads\/2023\/10\/live-demo-768x215.png 768w, https:\/\/climasoft.ch\/fr-ch\/wp-content\/uploads\/2023\/10\/live-demo-350x100.png 350w, https:\/\/climasoft.ch\/fr-ch\/wp-content\/uploads\/2023\/10\/live-demo.png 1209w\" sizes=\"auto, (max-width: 125px) 100vw, 125px\" \/><\/a><\/p>\n<p><strong>Inclus dans le pack iMULTITEMP vXS :<\/strong><\/p>\n<ul>\n<li>1 bo\u00eetier connect\u00e9 <strong>iMULTITEMP vXS<\/strong> capable de lire simultan\u00e9ment jusqu\u2019\u00e0 3 sondes de temp\u00e9rature<\/li>\n<li>1 sonde de temp\u00e9rature avec c\u00e2ble de 1 m\u00e8tre<\/li>\n<li>1 sonde de temp\u00e9rature avec c\u00e2ble de 5 m\u00e8tres<\/li>\n<li>1 sonde de temp\u00e9rature avec c\u00e2ble de 10 m\u00e8tres<\/li>\n<li>1 an d&rsquo;acc\u00e8s en temps r\u00e9el aux donn\u00e9es en ligne<\/li>\n<\/ul>\n<p><strong>Compatibilit\u00e9 totale <\/strong><br \/>\nToutes les sondes digitales de temp\u00e9rature <strong>iCAL vXS<\/strong> sont compatibles avec <strong>iMULTITEMP vXS<\/strong>, assurant une flexibilit\u00e9 maximale et une int\u00e9gration simple dans vos processus industriels.<\/p>\n<p>&nbsp;<\/p>\n<p><iframe loading=\"lazy\" title=\"YouTube video player\" src=\"https:\/\/www.youtube.com\/embed\/e8ySR4gEQGk\" width=\"330\" height=\"186\" frameborder=\"0\" allowfullscreen=\"allowfullscreen\" data-mce-fragment=\"1\"><\/iframe><\/p>\n<p><iframe loading=\"lazy\" title=\"YouTube video player\" src=\"https:\/\/www.youtube.com\/embed\/svXoNy5KfFY\" width=\"330\" height=\"186\" frameborder=\"0\" allowfullscreen=\"allowfullscreen\" data-mce-fragment=\"1\"><\/iframe><\/p>\n","protected":false},"featured_media":2550,"comment_status":"open","ping_status":"closed","template":"","meta":[],"product_brand":[],"product_cat":[67,71,73,82],"product_tag":[],"class_list":{"0":"post-2451","1":"product","2":"type-product","3":"status-publish","4":"has-post-thumbnail","6":"product_cat-iot","7":"product_cat-temperature","8":"product_cat-electronique","9":"product_cat-capteur-de-temperature-electronique","11":"first","12":"instock","13":"taxable","14":"shipping-taxable","15":"purchasable","16":"product-type-simple"},"_links":{"self":[{"href":"https:\/\/climasoft.ch\/fr-ch\/wp-json\/wp\/v2\/product\/2451","targetHints":{"allow":["GET"]}}],"collection":[{"href":"https:\/\/climasoft.ch\/fr-ch\/wp-json\/wp\/v2\/product"}],"about":[{"href":"https:\/\/climasoft.ch\/fr-ch\/wp-json\/wp\/v2\/types\/product"}],"replies":[{"embeddable":true,"href":"https:\/\/climasoft.ch\/fr-ch\/wp-json\/wp\/v2\/comments?post=2451"}],"wp:featuredmedia":[{"embeddable":true,"href":"https:\/\/climasoft.ch\/fr-ch\/wp-json\/wp\/v2\/media\/2550"}],"wp:attachment":[{"href":"https:\/\/climasoft.ch\/fr-ch\/wp-json\/wp\/v2\/media?parent=2451"}],"wp:term":[{"taxonomy":"product_brand","embeddable":true,"href":"https:\/\/climasoft.ch\/fr-ch\/wp-json\/wp\/v2\/product_brand?post=2451"},{"taxonomy":"product_cat","embeddable":true,"href":"https:\/\/climasoft.ch\/fr-ch\/wp-json\/wp\/v2\/product_cat?post=2451"},{"taxonomy":"product_tag","embeddable":true,"href":"https:\/\/climasoft.ch\/fr-ch\/wp-json\/wp\/v2\/product_tag?post=2451"}],"curies":[{"name":"wp","href":"https:\/\/api.w.org\/{rel}","templated":true}]}}