{"id":2543,"date":"2023-10-28T19:10:19","date_gmt":"2023-10-28T17:10:19","guid":{"rendered":"https:\/\/climasoft.ch\/fr-ch\/?post_type=product&#038;p=2543"},"modified":"2025-06-23T09:53:46","modified_gmt":"2025-06-23T07:53:46","slug":"ipress-mark-ii","status":"publish","type":"product","link":"https:\/\/climasoft.ch\/fr-ch\/produit\/ipress-mark-ii\/","title":{"rendered":"Machine connect\u00e9e : iPRESS Mark I pour test de pression des sondes g\u00e9othermiques"},"content":{"rendered":"<p><a href=\"https:\/\/climasoft.ch\/fr-ch\/wp-content\/uploads\/2023\/10\/Tachyon-SL-iPRESS-Mark-I-HQ.pdf\"><img loading=\"lazy\" decoding=\"async\" class=\"alignleft wp-image-2544\" src=\"https:\/\/climasoft.ch\/fr-ch\/wp-content\/uploads\/2023\/10\/iPRESS-Mark-II-climasoft-ch-4.jpg\" alt=\"iTachyon iPRESS Mark I\" width=\"112\" height=\"150\" srcset=\"https:\/\/climasoft.ch\/fr-ch\/wp-content\/uploads\/2023\/10\/iPRESS-Mark-II-climasoft-ch-4.jpg 740w, https:\/\/climasoft.ch\/fr-ch\/wp-content\/uploads\/2023\/10\/iPRESS-Mark-II-climasoft-ch-4-324x433.jpg 324w, https:\/\/climasoft.ch\/fr-ch\/wp-content\/uploads\/2023\/10\/iPRESS-Mark-II-climasoft-ch-4-416x557.jpg 416w, https:\/\/climasoft.ch\/fr-ch\/wp-content\/uploads\/2023\/10\/iPRESS-Mark-II-climasoft-ch-4-64x86.jpg 64w, https:\/\/climasoft.ch\/fr-ch\/wp-content\/uploads\/2023\/10\/iPRESS-Mark-II-climasoft-ch-4-224x300.jpg 224w\" sizes=\"auto, (max-width: 112px) 100vw, 112px\" \/><\/a><strong>iPRESS<\/strong> est une machine \u00e9tanche, robuste et portable, \u00e9quip\u00e9e de la technologie IoT, sp\u00e9cialement con\u00e7ue pour la g\u00e9othermie. Elle permet d\u2019effectuer automatiquement le proc\u00e8s-verbal d\u2019essai et de r\u00e9ception de sondes g\u00e9othermiques conform\u00e9ment \u00e0 la norme <strong>SIA 384\/6, Chapitre 6.1.2<\/strong>, ainsi que les tests de pression selon <strong>SIA 546 384\/6:2021, Chapitre 6.1.2<\/strong> en Suisse et ses annexes.<\/p>\n<p>&nbsp;<\/p>\n<p><center><img decoding=\"async\" src=\"https:\/\/climasoft.ch\/fr-ch\/wp-content\/uploads\/2024\/07\/itachyon-ch-ipress-mark.jpg\" alt=\"iTachyon iPRESS Mark I\" \/><\/center>&nbsp;<\/p>\n<p><strong>Fonctionnalit\u00e9s cl\u00e9s<\/strong><\/p>\n<ul>\n<li><strong>Tests Complets<\/strong> : R\u00e9alise des tests de remplissage, de rin\u00e7age, de contr\u00f4le de d\u00e9bit, de contr\u00f4le de pression diff\u00e9rentielle et des tests de fuite, selon l\u2019annexe B2 de la norme.<\/li>\n<li><strong>Pression Maximale<\/strong> : Capable d\u2019augmenter la pression PN jusqu\u2019\u00e0 50 bar.<\/li>\n<li><strong>Rapports Automatis\u00e9s<\/strong> : Ex\u00e9cute de mani\u00e8re autonome le proc\u00e8s-verbal d\u2019essai et envoie le rapport complet directement \u00e0 votre e-mail.<\/li>\n<\/ul>\n<p><strong>Connectivit\u00e9 et suivi<\/strong><\/p>\n<p>Connectez <strong>iPRESS Mark I<\/strong> aux \u00e9l\u00e9ments suivants :<\/p>\n<ul>\n<li>Entr\u00e9e et sortie de la sonde g\u00e9othermique<\/li>\n<li>Entr\u00e9e et sortie d\u2019eau<\/li>\n<li>Alimentation \u00e9lectrique I\/III<\/li>\n<li>Pression I<\/li>\n<\/ul>\n<p>Suivez en temps r\u00e9el toutes les \u00e9tapes et r\u00e9sultats, et obtenez le rapport final via Internet sur votre t\u00e9l\u00e9phone, tablette, console ou ordinateur.<\/p>\n<p><strong>Avantages de iPRESS<\/strong><\/p>\n<ul>\n<li><strong>Efficacit\u00e9<\/strong> : Optimise le processus de test pour gagner du temps.<\/li>\n<li><strong>Pr\u00e9cision<\/strong> : Assure des mesures et des r\u00e9sultats fiables.<\/li>\n<li><strong>S\u00e9curit\u00e9<\/strong> : Con\u00e7u pour garantir la s\u00e9curit\u00e9 lors des tests.<\/li>\n<li><strong>Fiabilit\u00e9<\/strong> : Performance constante, adapt\u00e9e aux exigences professionnelles.<\/li>\n<li><strong>Qualit\u00e9<\/strong> : Fabriqu\u00e9 en Suisse avec des mat\u00e9riaux de haute qualit\u00e9.<\/li>\n<\/ul>\n<p><strong>iPRESS<\/strong> \u00e9limine les erreurs humaines et g\u00e9n\u00e8re automatiquement le rapport d\u2019essai de pression pour chaque sonde g\u00e9othermique, facilitant ainsi votre travail sur le terrain.<\/p>\n<p><em>Note : Les images peuvent diff\u00e9rer de l\u2019aspect r\u00e9el du produit<\/em><em>.<\/em><\/p>\n<p><iframe loading=\"lazy\" title=\"Climasoft.ch e-shop\" width=\"980\" height=\"551\" src=\"https:\/\/www.youtube.com\/embed\/od0t5NUaX1U?feature=oembed\" frameborder=\"0\" allow=\"accelerometer; autoplay; clipboard-write; encrypted-media; gyroscope; picture-in-picture; web-share\" referrerpolicy=\"strict-origin-when-cross-origin\" allowfullscreen><\/iframe><\/p>\n","protected":false},"excerpt":{"rendered":"<p>D\u00e9couvrez <strong>iPRESS<\/strong>, une machine connect\u00e9e, portable et \u00e9tanche, fabriqu\u00e9e en acier inoxydable. Son design robuste garantit une performance exceptionnelle dans les environnements les plus exigeants.<\/p>\n<p><strong>iPRESS<\/strong> automatise l&rsquo;int\u00e9gralit\u00e9 du protocole de contr\u00f4le de pression des sondes g\u00e9othermiques, conform\u00e9ment au proc\u00e8s-verbal d&rsquo;essai et de r\u00e9ception selon la norme <strong>SIA 384\/6, chapitre 6.1.2<\/strong> en Suisse, ainsi que toutes ses annexes.<\/p>\n<p><strong>Fonctionnalit\u00e9s avanc\u00e9es<\/strong><\/p>\n<ul>\n<li><strong>Tests complet<\/strong> : Effectue des tests de remplissage, de rin\u00e7age, de contr\u00f4le de d\u00e9bit, de contr\u00f4le de pression diff\u00e9rentielle et des tests de fuite, conform\u00e9ment \u00e0 l\u2019annexe B2 de la norme.<\/li>\n<li><strong>Pression maximale<\/strong> : Capable d\u2019augmenter la pression d&rsquo;eau ou d&rsquo;eau glycol\u00e9e jusqu\u2019\u00e0 <strong>50 bar<\/strong>, assurant des r\u00e9sultats pr\u00e9cis et fiables.<\/li>\n<\/ul>\n<p><strong>iPRESS<\/strong> est l&rsquo;outil id\u00e9al pour les professionnels de la g\u00e9othermie, garantissant efficacit\u00e9, pr\u00e9cision et fiabilit\u00e9 lors de vos essais.<\/p>\n","protected":false},"featured_media":2546,"comment_status":"open","ping_status":"closed","template":"","meta":[],"product_brand":[],"product_cat":[76,80,79,78,109],"product_tag":[],"class_list":{"0":"post-2543","1":"product","2":"type-product","3":"status-publish","4":"has-post-thumbnail","6":"product_cat-geothermie","7":"product_cat-iot-geothermie","8":"product_cat-machine","9":"product_cat-test-de-pression-geothermie","10":"product_cat-a-partir-de","12":"first","13":"instock","14":"taxable","15":"shipping-taxable","16":"purchasable","17":"product-type-simple"},"_links":{"self":[{"href":"https:\/\/climasoft.ch\/fr-ch\/wp-json\/wp\/v2\/product\/2543","targetHints":{"allow":["GET"]}}],"collection":[{"href":"https:\/\/climasoft.ch\/fr-ch\/wp-json\/wp\/v2\/product"}],"about":[{"href":"https:\/\/climasoft.ch\/fr-ch\/wp-json\/wp\/v2\/types\/product"}],"replies":[{"embeddable":true,"href":"https:\/\/climasoft.ch\/fr-ch\/wp-json\/wp\/v2\/comments?post=2543"}],"wp:featuredmedia":[{"embeddable":true,"href":"https:\/\/climasoft.ch\/fr-ch\/wp-json\/wp\/v2\/media\/2546"}],"wp:attachment":[{"href":"https:\/\/climasoft.ch\/fr-ch\/wp-json\/wp\/v2\/media?parent=2543"}],"wp:term":[{"taxonomy":"product_brand","embeddable":true,"href":"https:\/\/climasoft.ch\/fr-ch\/wp-json\/wp\/v2\/product_brand?post=2543"},{"taxonomy":"product_cat","embeddable":true,"href":"https:\/\/climasoft.ch\/fr-ch\/wp-json\/wp\/v2\/product_cat?post=2543"},{"taxonomy":"product_tag","embeddable":true,"href":"https:\/\/climasoft.ch\/fr-ch\/wp-json\/wp\/v2\/product_tag?post=2543"}],"curies":[{"name":"wp","href":"https:\/\/api.w.org\/{rel}","templated":true}]}}