{"id":2567,"date":"2023-10-15T19:30:10","date_gmt":"2023-10-15T17:30:10","guid":{"rendered":"https:\/\/climasoft.ch\/fr-ch\/?post_type=product&#038;p=2567"},"modified":"2026-01-21T08:41:52","modified_gmt":"2026-01-21T07:41:52","slug":"__trashed","status":"publish","type":"product","link":"https:\/\/climasoft.ch\/fr-ch\/produit\/__trashed\/","title":{"rendered":"Sonde : de temp\u00e9rature iCAL vXS"},"content":{"rendered":"<p>Sondes <strong>iCAL vXS<\/strong> disponibles :<\/p>\n<ul>\n<li><strong>Noir<\/strong> : Longueur de 10 m<\/li>\n<li><strong>Rouge<\/strong> : Longueur de 20 m<\/li>\n<li><strong>Jaune<\/strong> : Longueur de 30 m<\/li>\n<li><strong>Orange<\/strong> : Longueur de 100 m<\/li>\n<\/ul>\n<p>Toutes les sondes digitales de temp\u00e9rature <strong>iCAL vXS<\/strong> sont compatibles avec le lecteur <strong>iMULTITEMP vXS<\/strong>, garantissant une performance optimale et une int\u00e9gration ais\u00e9e dans vos syst\u00e8mes.<\/p>\n<p><em>Note : Les images pr\u00e9sent\u00e9es peuvent diff\u00e9rer de l\u2019aspect r\u00e9el du produit.<\/em><\/p>\n<p><iframe loading=\"lazy\" title=\"Climasoft.ch e-shop\" width=\"980\" height=\"551\" src=\"https:\/\/www.youtube.com\/embed\/od0t5NUaX1U?feature=oembed\" frameborder=\"0\" allow=\"accelerometer; autoplay; clipboard-write; encrypted-media; gyroscope; picture-in-picture; web-share\" referrerpolicy=\"strict-origin-when-cross-origin\" allowfullscreen><\/iframe><\/p>\n","protected":false},"excerpt":{"rendered":"<p>D\u00e9couvrez la sonde de temp\u00e9rature iCAL vXS, sp\u00e9cialement con\u00e7ue pour r\u00e9pondre \u00e0 vos besoins de mesure.<\/p>\n<p>Optimisez vos mesures de temp\u00e9rature avec notre sonde digitale iCAL vXS, offrant une plage de lecture de <strong>-55 \u00b0C \u00e0 125 \u00b0C<\/strong>.<\/p>\n<p>Tous les mod\u00e8les de sondes digitales de temp\u00e9rature iCAL vXS sont enti\u00e8rement compatibles avec le lecteur <strong>iMULTITEMP vXS<\/strong>, garantissant une int\u00e9gration facile et une performance fiable pour vos applications.<\/p>\n","protected":false},"featured_media":2565,"comment_status":"open","ping_status":"closed","template":"","meta":[],"product_brand":[],"product_cat":[67,71,73,82],"product_tag":[],"class_list":{"0":"post-2567","1":"product","2":"type-product","3":"status-publish","4":"has-post-thumbnail","6":"product_cat-iot","7":"product_cat-temperature","8":"product_cat-electronique","9":"product_cat-capteur-de-temperature-electronique","11":"first","12":"instock","13":"taxable","14":"shipping-taxable","15":"purchasable","16":"product-type-variable"},"_links":{"self":[{"href":"https:\/\/climasoft.ch\/fr-ch\/wp-json\/wp\/v2\/product\/2567","targetHints":{"allow":["GET"]}}],"collection":[{"href":"https:\/\/climasoft.ch\/fr-ch\/wp-json\/wp\/v2\/product"}],"about":[{"href":"https:\/\/climasoft.ch\/fr-ch\/wp-json\/wp\/v2\/types\/product"}],"replies":[{"embeddable":true,"href":"https:\/\/climasoft.ch\/fr-ch\/wp-json\/wp\/v2\/comments?post=2567"}],"wp:featuredmedia":[{"embeddable":true,"href":"https:\/\/climasoft.ch\/fr-ch\/wp-json\/wp\/v2\/media\/2565"}],"wp:attachment":[{"href":"https:\/\/climasoft.ch\/fr-ch\/wp-json\/wp\/v2\/media?parent=2567"}],"wp:term":[{"taxonomy":"product_brand","embeddable":true,"href":"https:\/\/climasoft.ch\/fr-ch\/wp-json\/wp\/v2\/product_brand?post=2567"},{"taxonomy":"product_cat","embeddable":true,"href":"https:\/\/climasoft.ch\/fr-ch\/wp-json\/wp\/v2\/product_cat?post=2567"},{"taxonomy":"product_tag","embeddable":true,"href":"https:\/\/climasoft.ch\/fr-ch\/wp-json\/wp\/v2\/product_tag?post=2567"}],"curies":[{"name":"wp","href":"https:\/\/api.w.org\/{rel}","templated":true}]}}