{"id":2580,"date":"2023-10-28T14:26:13","date_gmt":"2023-10-28T12:26:13","guid":{"rendered":"https:\/\/climasoft.ch\/fr-ch\/?post_type=product&#038;p=2580"},"modified":"2026-01-21T08:38:28","modified_gmt":"2026-01-21T07:38:28","slug":"imsd-vxl-sonde-digitale-de-temperature-55-a-125-c","status":"publish","type":"product","link":"https:\/\/climasoft.ch\/fr-ch\/produit\/imsd-vxl-sonde-digitale-de-temperature-55-a-125-c\/","title":{"rendered":"Sonde :  de temp\u00e9rature iMSD vXL"},"content":{"rendered":"<p>Toutes les sondes digitales de temp\u00e9rature <strong>iMSD vXL<\/strong> sont enti\u00e8rement compatibles avec les lecteurs <strong>Tachyon<\/strong>, garantissant une int\u00e9gration fluide et efficace dans vos syst\u00e8mes de mesure<\/p>\n<p>La sonde digitale de temp\u00e9rature <strong>iMSD vXL<\/strong> est id\u00e9ale pour toutes les applications industrielles. Elle est particuli\u00e8rement recommand\u00e9e pour obtenir avec pr\u00e9cision le profil vertical de temp\u00e9rature des puits g\u00e9othermiques et des sondes g\u00e9othermiques.<\/p>\n<p><strong>Intervalle de lecture de temp\u00e9rature<\/strong> :<\/p>\n<ul>\n<li style=\"list-style-type: none;\">\n<ul>\n<li>Pour les sondes de 120 m et 220 m : chaque 25 m<\/li>\n<li>Pour la sonde de 370 m : chaque 35 m<\/li>\n<li>Pour la sonde de 420 m : chaque 40 m<\/li>\n<li>Pour la sonde de 620 m : chaque 60 m<\/li>\n<li>Pour la sonde de 850 m : chaque 65 m<\/li>\n<\/ul>\n<\/li>\n<\/ul>\n<p><strong>Plage de lecture de temp\u00e9rature<\/strong> : de -55 \u00b0C \u00e0 125 \u00b0C<\/p>\n<p>Toutes les sondes digitales de temp\u00e9rature <strong>iMSD vXL<\/strong> sont compatibles avec les lecteurs <strong>Tachyon<\/strong> ainsi que le lecteur <strong>iGEOMONITORING<\/strong>.<\/p>\n<p><em>Note : Les images peuvent diff\u00e9rer de l&rsquo;aspect r\u00e9el du produit.<\/em><\/p>\n<p><iframe loading=\"lazy\" title=\"Climasoft.ch e-shop\" width=\"980\" height=\"551\" src=\"https:\/\/www.youtube.com\/embed\/od0t5NUaX1U?feature=oembed\" frameborder=\"0\" allow=\"accelerometer; autoplay; clipboard-write; encrypted-media; gyroscope; picture-in-picture; web-share\" referrerpolicy=\"strict-origin-when-cross-origin\" allowfullscreen><\/iframe><\/p>\n","protected":false},"excerpt":{"rendered":"<p>D\u00e9couvrez notre gamme de sondes digitales de temp\u00e9rature, con\u00e7ues pour s&rsquo;adapter \u00e0 divers besoins industriels :<\/p>\n<p><a href=\"https:\/\/itachyon.ch\/INDUSTRIE40\/IoT\/88\/bd\/data-50.php\"><img loading=\"lazy\" decoding=\"async\" class=\"alignnone wp-image-2633\" src=\"https:\/\/climasoft.ch\/fr-ch\/wp-content\/uploads\/2023\/10\/live-demo-300x84.png\" alt=\"\" width=\"125\" height=\"35\" srcset=\"https:\/\/climasoft.ch\/fr-ch\/wp-content\/uploads\/2023\/10\/live-demo-300x84.png 300w, https:\/\/climasoft.ch\/fr-ch\/wp-content\/uploads\/2023\/10\/live-demo-324x91.png 324w, https:\/\/climasoft.ch\/fr-ch\/wp-content\/uploads\/2023\/10\/live-demo-416x117.png 416w, https:\/\/climasoft.ch\/fr-ch\/wp-content\/uploads\/2023\/10\/live-demo-64x18.png 64w, https:\/\/climasoft.ch\/fr-ch\/wp-content\/uploads\/2023\/10\/live-demo-1024x287.png 1024w, https:\/\/climasoft.ch\/fr-ch\/wp-content\/uploads\/2023\/10\/live-demo-768x215.png 768w, https:\/\/climasoft.ch\/fr-ch\/wp-content\/uploads\/2023\/10\/live-demo-350x100.png 350w, https:\/\/climasoft.ch\/fr-ch\/wp-content\/uploads\/2023\/10\/live-demo.png 1209w\" sizes=\"auto, (max-width: 125px) 100vw, 125px\" \/><\/a><\/p>\n<ul>\n<li><strong>Violet A<\/strong> : Longueur de 120 m<\/li>\n<li><strong>Violet B<\/strong> : Longueur de 220 m<\/li>\n<li><strong>Violet C<\/strong> : Longueur de 370 m<\/li>\n<li><strong>Violet D<\/strong> : Longueur de 420 m<\/li>\n<li><strong>Jaune<\/strong> : Longueur de 620 m<\/li>\n<li><strong>Rouge<\/strong> : Longueur de 850 m<\/li>\n<\/ul>\n<p>Toutes les sondes digitales de temp\u00e9rature <strong>iMSD vXL<\/strong> sont enti\u00e8rement compatibles avec les lecteurs <strong>Tachyon<\/strong> ainsi que <a href=\"https:\/\/climasoft.ch\/fr-ch\/produit\/igeomonitoring-monitoring-du-profil-vertical-de-temperature-de-puits-geothermique\/\">iGEOMONITORING<\/a>, garantissant ainsi une int\u00e9gration fluide et efficace dans vos syst\u00e8mes de mesure.<\/p>\n","protected":false},"featured_media":2566,"comment_status":"open","ping_status":"closed","template":"","meta":[],"product_brand":[],"product_cat":[67,73,82],"product_tag":[],"class_list":{"0":"post-2580","1":"product","2":"type-product","3":"status-publish","4":"has-post-thumbnail","6":"product_cat-iot","7":"product_cat-electronique","8":"product_cat-capteur-de-temperature-electronique","10":"first","11":"instock","12":"taxable","13":"shipping-taxable","14":"purchasable","15":"product-type-variable"},"_links":{"self":[{"href":"https:\/\/climasoft.ch\/fr-ch\/wp-json\/wp\/v2\/product\/2580","targetHints":{"allow":["GET"]}}],"collection":[{"href":"https:\/\/climasoft.ch\/fr-ch\/wp-json\/wp\/v2\/product"}],"about":[{"href":"https:\/\/climasoft.ch\/fr-ch\/wp-json\/wp\/v2\/types\/product"}],"replies":[{"embeddable":true,"href":"https:\/\/climasoft.ch\/fr-ch\/wp-json\/wp\/v2\/comments?post=2580"}],"wp:featuredmedia":[{"embeddable":true,"href":"https:\/\/climasoft.ch\/fr-ch\/wp-json\/wp\/v2\/media\/2566"}],"wp:attachment":[{"href":"https:\/\/climasoft.ch\/fr-ch\/wp-json\/wp\/v2\/media?parent=2580"}],"wp:term":[{"taxonomy":"product_brand","embeddable":true,"href":"https:\/\/climasoft.ch\/fr-ch\/wp-json\/wp\/v2\/product_brand?post=2580"},{"taxonomy":"product_cat","embeddable":true,"href":"https:\/\/climasoft.ch\/fr-ch\/wp-json\/wp\/v2\/product_cat?post=2580"},{"taxonomy":"product_tag","embeddable":true,"href":"https:\/\/climasoft.ch\/fr-ch\/wp-json\/wp\/v2\/product_tag?post=2580"}],"curies":[{"name":"wp","href":"https:\/\/api.w.org\/{rel}","templated":true}]}}