{"id":3889,"date":"2025-06-19T09:42:02","date_gmt":"2025-06-19T07:42:02","guid":{"rendered":"https:\/\/climasoft.ch\/fr-ch\/?post_type=product&#038;p=3889"},"modified":"2026-03-03T12:59:58","modified_gmt":"2026-03-03T11:59:58","slug":"iboard","status":"publish","type":"product","link":"https:\/\/climasoft.ch\/fr-ch\/produit\/iboard\/","title":{"rendered":"Logiciel sur mesure : iBOARD au-del\u00e0 d&rsquo;un CRM visuel"},"content":{"rendered":"<div class=\"is-root-container is-desktop-preview is-layout-flow wp-block-post-content block-editor-block-list__layout\">\n<div><img loading=\"lazy\" decoding=\"async\" class=\"wp-image-3892 alignleft\" src=\"https:\/\/climasoft.ch\/fr-ch\/wp-content\/uploads\/2025\/06\/iboard-fr-sn-1-224x300.webp\" alt=\"\" width=\"157\" height=\"210\" srcset=\"https:\/\/climasoft.ch\/fr-ch\/wp-content\/uploads\/2025\/06\/iboard-fr-sn-1-224x300.webp 224w, https:\/\/climasoft.ch\/fr-ch\/wp-content\/uploads\/2025\/06\/iboard-fr-sn-1-324x434.webp 324w, https:\/\/climasoft.ch\/fr-ch\/wp-content\/uploads\/2025\/06\/iboard-fr-sn-1-416x557.webp 416w, https:\/\/climasoft.ch\/fr-ch\/wp-content\/uploads\/2025\/06\/iboard-fr-sn-1-64x86.webp 64w, https:\/\/climasoft.ch\/fr-ch\/wp-content\/uploads\/2025\/06\/iboard-fr-sn-1.webp 600w\" sizes=\"auto, (max-width: 157px) 100vw, 157px\" \/><\/div>\n<div class=\"components-resizable-box__container\">iBOARD est un \u00e9cosyst\u00e8me \u00e9lectronique num\u00e9rique compos\u00e9 d\u2019accessoires et de logiciels qui permet d&rsquo;obtenir et d\u2019afficher sur un seul tableau toutes les donn\u00e9es thermiques ou \u00e9nerg\u00e9tiques de chaque installation ou chantier et cela en temps r\u00e9el !<\/div>\n<div><\/div>\n<p id=\"block-2d54944a-0447-4bcd-8306-c129eba968a5\" class=\"block-editor-rich-text__editable block-editor-block-list__block wp-block wp-block-paragraph rich-text\" role=\"document\" contenteditable=\"true\" aria-multiline=\"true\" aria-label=\"Bloc\u00a0: paragraphe\" data-block=\"2d54944a-0447-4bcd-8306-c129eba968a5\" data-type=\"core\/paragraph\" data-title=\"Paragraphe\" data-empty=\"false\" data-wp-block-attribute-key=\"content\"><strong>iBOARD<\/strong> a \u00e9t\u00e9 sp\u00e9cialement con\u00e7u <strong>pour les entreprises d&rsquo;installation, de maintenance, de construction, d&rsquo;ing\u00e9nierie, d&rsquo;architecture, industrielles, de fabrication, isolation, nettoyage, transports, logistique et de services<\/strong>.<\/p>\n<p id=\"block-e0f54846-f9c4-4645-822c-0945a31dc328\" class=\"block-editor-rich-text__editable block-editor-block-list__block wp-block wp-block-paragraph rich-text\" role=\"document\" contenteditable=\"true\" aria-multiline=\"true\" aria-label=\"Bloc\u00a0: paragraphe\" data-block=\"e0f54846-f9c4-4645-822c-0945a31dc328\" data-type=\"core\/paragraph\" data-title=\"Paragraphe\" data-empty=\"false\" data-wp-block-attribute-key=\"content\">iBOARD prot\u00e8ge vos installations et chantiers, tout en vous permettant de garder un lien permanent avec votre Client.<\/p>\n<figure id=\"block-12a76307-9684-41f2-94ec-2014c46717f1\" class=\"block-editor-block-list__block wp-block is-resized size-full wp-block-image\" tabindex=\"0\" role=\"document\" aria-label=\"Bloc\u00a0: Image\" data-block=\"12a76307-9684-41f2-94ec-2014c46717f1\" data-type=\"core\/image\" data-title=\"Image\">\n<div class=\"components-resizable-box__container\">\n<p>&nbsp;<\/p>\n<div>\n<p><iframe loading=\"lazy\" title=\"Tachyon Switzerland iBOARD Ecosystem\" width=\"980\" height=\"551\" src=\"https:\/\/www.youtube.com\/embed\/yryW18TefsE?feature=oembed\" frameborder=\"0\" allow=\"accelerometer; autoplay; clipboard-write; encrypted-media; gyroscope; picture-in-picture; web-share\" referrerpolicy=\"strict-origin-when-cross-origin\" allowfullscreen><\/iframe><\/p>\n<\/div>\n<\/div>\n<\/figure>\n<figure id=\"block-c2086db8-ad70-4283-9bcd-061c0e52eb9a\" class=\"block-editor-block-list__block wp-block is-style-default is-resized size-large wp-block-image\" tabindex=\"0\" role=\"document\" aria-label=\"Bloc\u00a0: Image\" data-block=\"c2086db8-ad70-4283-9bcd-061c0e52eb9a\" data-type=\"core\/image\" data-title=\"Image\">\n<div class=\"components-resizable-box__container\">\n<p>&nbsp;<\/p>\n<\/div>\n<\/figure>\n<p id=\"block-908a0cf5-9a3e-4e34-a571-a3f7f7089782\" class=\"block-editor-rich-text__editable block-editor-block-list__block wp-block wp-block-paragraph rich-text\" role=\"document\" contenteditable=\"true\" aria-multiline=\"true\" aria-label=\"Bloc\u00a0: paragraphe\" data-block=\"908a0cf5-9a3e-4e34-a571-a3f7f7089782\" data-type=\"core\/paragraph\" data-title=\"Paragraphe\" data-empty=\"false\" data-wp-block-attribute-key=\"content\">iBOARD affiche sur le tableau num\u00e9rique, toutes les donn\u00e9es thermiques et \u00e9nerg\u00e9tiques de vos installations et ceci en temps r\u00e9el !<\/p>\n<div class=\"components-resizable-box__container\">\n<p><a href=\"https:\/\/climasoft.ch\/iboard\/\" aria-disabled=\"true\"><img loading=\"lazy\" decoding=\"async\" class=\"\" src=\"https:\/\/itachyon.ch\/tachyon-earth-switzerland\/ch\/fr\/wp-content\/uploads\/2022\/06\/iBOARD-fotos-tf.jpg\" alt=\"L\u2019attribut alt de cette image est vide, son nom de fichier est iBOARD-fotos-tf.jpg.\" width=\"574\" height=\"378\" \/><\/a><\/p>\n<div><\/div>\n<\/div>\n<div class=\"components-drop-zone\" data-is-drop-zone=\"true\">\n<div class=\"components-drop-zone__content\">\n<div class=\"components-drop-zone__content-inner\"><\/div>\n<\/div>\n<\/div>\n<div class=\"components-resizable-box__container\">\n<p><a href=\"https:\/\/climasoft.ch\/iboard\/\" aria-disabled=\"true\"><img loading=\"lazy\" decoding=\"async\" class=\"\" src=\"https:\/\/itachyon.ch\/tachyon-earth-switzerland\/ch\/fr\/wp-content\/uploads\/2022\/06\/tachyon-iboard-01.png\" alt=\"L\u2019attribut alt de cette image est vide, son nom de fichier est tachyon-iboard-01.png.\" width=\"758\" height=\"435\" \/><\/a><\/p>\n<\/div>\n<p id=\"block-000d3732-c257-45b3-8a84-89968ed658a6\" class=\"block-editor-rich-text__editable block-editor-block-list__block wp-block wp-block-paragraph rich-text\" role=\"document\" contenteditable=\"true\" aria-multiline=\"true\" aria-label=\"Bloc\u00a0: paragraphe\" data-block=\"000d3732-c257-45b3-8a84-89968ed658a6\" data-type=\"core\/paragraph\" data-title=\"Paragraphe\" data-empty=\"false\" data-wp-block-attribute-key=\"content\">Acc\u00e9dez \u00e0 votre carte iBOARD via n&rsquo;importe quel dispositif, 24\/7 et observez en un coup d&rsquo;\u0153il l&rsquo;\u00e9tat actuel de chacune de vos installations.<\/p>\n<p id=\"block-f1d71c91-109c-4cc1-95a0-732028fe9a92\" class=\"block-editor-rich-text__editable block-editor-block-list__block wp-block wp-block-paragraph rich-text\" role=\"document\" contenteditable=\"true\" aria-multiline=\"true\" aria-label=\"Bloc\u00a0: paragraphe\" data-block=\"f1d71c91-109c-4cc1-95a0-732028fe9a92\" data-type=\"core\/paragraph\" data-title=\"Paragraphe\" data-empty=\"false\" data-wp-block-attribute-key=\"content\">Votre tableau iBOARD affiche chaque installation au moyen d&rsquo;une ic\u00f4ne de couleur, selon la couleur (vert, orange, rouge) vous contr\u00f4lez l&rsquo;\u00e9tat du chantier.<\/p>\n<p id=\"block-81494022-32b8-4495-a6ae-d6c5c8d17831\" class=\"block-editor-rich-text__editable block-editor-block-list__block wp-block wp-block-paragraph rich-text\" role=\"document\" contenteditable=\"true\" aria-multiline=\"true\" aria-label=\"Bloc\u00a0: paragraphe\" data-block=\"81494022-32b8-4495-a6ae-d6c5c8d17831\" data-type=\"core\/paragraph\" data-title=\"Paragraphe\" data-empty=\"false\" data-wp-block-attribute-key=\"content\">Pour voir les donn\u00e9es thermiques et \u00e9nerg\u00e9tiques de votre installation sur la carte iBOARD, ouvrez son ic\u00f4ne et voyez toutes les donn\u00e9es thermiques et \u00e9nerg\u00e9tiques de l&rsquo;installation ou chantier, en temps r\u00e9el !<\/p>\n<div class=\"components-resizable-box__container\">\n<p><a href=\"https:\/\/climasoft.ch\/iboard\/\" aria-disabled=\"true\"><img loading=\"lazy\" decoding=\"async\" class=\"\" src=\"https:\/\/itachyon.ch\/tachyon-earth-switzerland\/ch\/fr\/wp-content\/uploads\/2022\/06\/tachyon-iboard-02.png\" alt=\"L\u2019attribut alt de cette image est vide, son nom de fichier est tachyon-iboard-02.png.\" width=\"758\" height=\"435\" \/><\/a><\/p>\n<\/div>\n<p id=\"block-c65cd667-3b7e-4532-87ff-f828dbbccc29\" class=\"block-editor-rich-text__editable block-editor-block-list__block wp-block wp-block-paragraph rich-text\" role=\"document\" contenteditable=\"true\" aria-multiline=\"true\" aria-label=\"Bloc\u00a0: paragraphe\" data-block=\"c65cd667-3b7e-4532-87ff-f828dbbccc29\" data-type=\"core\/paragraph\" data-title=\"Paragraphe\" data-empty=\"false\" data-wp-block-attribute-key=\"content\">iBOARD est essentiellement compos\u00e9 d&rsquo;un bo\u00eetier \u00e9lectronique connect\u00e9 \u00e0 Internet qui, associ\u00e9 \u00e0 un c\u00e2ble Tachyon, obtient toutes les donn\u00e9es thermiques et \u00e9nerg\u00e9tiques de l&rsquo;installation ou du chantier.<\/p>\n<p id=\"block-36887ef1-9b5d-4113-8365-c0268a98d7d4\" class=\"block-editor-rich-text__editable block-editor-block-list__block wp-block wp-block-paragraph rich-text\" role=\"document\" contenteditable=\"true\" aria-multiline=\"true\" aria-label=\"Bloc\u00a0: paragraphe\" data-block=\"36887ef1-9b5d-4113-8365-c0268a98d7d4\" data-type=\"core\/paragraph\" data-title=\"Paragraphe\" data-empty=\"false\" data-wp-block-attribute-key=\"content\">iBOARD surveille jour et nuit le bon fonctionnement des installations.<\/p>\n<p id=\"block-4ce8ea09-023a-4ded-ab16-06696f77dba2\" class=\"block-editor-rich-text__editable block-editor-block-list__block wp-block wp-block-paragraph rich-text\" role=\"document\" contenteditable=\"true\" aria-multiline=\"true\" aria-label=\"Bloc\u00a0: paragraphe\" data-block=\"4ce8ea09-023a-4ded-ab16-06696f77dba2\" data-type=\"core\/paragraph\" data-title=\"Paragraphe\" data-empty=\"false\" data-wp-block-attribute-key=\"content\">Installation de base d\u2019iBOARD:<\/p>\n<ol id=\"block-38f7208e-a0f4-4e11-8f46-4834f14fc523\" class=\"block-editor-block-list__block wp-block wp-block-list block-editor-block-list__layout\" tabindex=\"0\" role=\"document\" aria-label=\"Bloc\u00a0: Liste\" data-block=\"38f7208e-a0f4-4e11-8f46-4834f14fc523\" data-type=\"core\/list\" data-title=\"Liste\" data-is-drop-zone=\"true\">\n<li id=\"block-8abfec69-123d-46f7-89dd-ac6980193343\" class=\"block-editor-block-list__block wp-block wp-block-list-item block-editor-block-list__layout\" tabindex=\"0\" role=\"document\" aria-label=\"Bloc\u00a0: \u00c9l\u00e9ment de liste\" data-block=\"8abfec69-123d-46f7-89dd-ac6980193343\" data-type=\"core\/list-item\" data-title=\"\u00c9l\u00e9ment de liste\">\n<div class=\"block-editor-rich-text__editable rich-text\" role=\"textbox\" contenteditable=\"true\" aria-multiline=\"true\" aria-label=\"Texte de la liste\" data-wp-block-attribute-key=\"content\">Acc\u00e9dez avec le c\u00e2ble Tachyon \u00e0 chaque point de l&rsquo;installation que vous souhaitez contr\u00f4ler,<\/div>\n<\/li>\n<li id=\"block-cd747725-c877-4b83-97ca-94888ac4cdd7\" class=\"block-editor-block-list__block wp-block wp-block-list-item block-editor-block-list__layout\" tabindex=\"0\" role=\"document\" aria-label=\"Bloc\u00a0: \u00c9l\u00e9ment de liste\" data-block=\"cd747725-c877-4b83-97ca-94888ac4cdd7\" data-type=\"core\/list-item\" data-title=\"\u00c9l\u00e9ment de liste\">\n<div class=\"block-editor-rich-text__editable rich-text\" role=\"textbox\" contenteditable=\"true\" aria-multiline=\"true\" aria-label=\"Texte de la liste\" data-wp-block-attribute-key=\"content\">connecter le c\u00e2ble au boitier iBOARD,<\/div>\n<\/li>\n<li id=\"block-f5902268-e51c-4997-84d3-3e616e421901\" class=\"block-editor-block-list__block wp-block wp-block-list-item block-editor-block-list__layout\" tabindex=\"0\" role=\"document\" aria-label=\"Bloc\u00a0: \u00c9l\u00e9ment de liste\" data-block=\"f5902268-e51c-4997-84d3-3e616e421901\" data-type=\"core\/list-item\" data-title=\"\u00c9l\u00e9ment de liste\">\n<div class=\"block-editor-rich-text__editable rich-text\" role=\"textbox\" contenteditable=\"true\" aria-multiline=\"true\" aria-label=\"Texte de la liste\" data-wp-block-attribute-key=\"content\">brancher et alimenter \u00e9lectriquement.<\/div>\n<\/li>\n<\/ol>\n<div class=\"components-resizable-box__container\">\n<p><a href=\"https:\/\/climasoft.ch\/iboard\/\" aria-disabled=\"true\"><img loading=\"lazy\" decoding=\"async\" class=\"\" src=\"https:\/\/itachyon.ch\/tachyon-earth-switzerland\/ch\/fr\/wp-content\/uploads\/2020\/01\/Tachyon-SL-iVehicles-2022-5-1.jpg\" alt=\"L\u2019attribut alt de cette image est vide, son nom de fichier est Tachyon-SL-iVehicles-2022-5-1.jpg.\" width=\"362\" height=\"188\" \/><\/a><\/p>\n<\/div>\n<div class=\"components-drop-zone\" data-is-drop-zone=\"true\">\n<div class=\"components-drop-zone__content\">\n<div class=\"components-drop-zone__content-inner\"><\/div>\n<\/div>\n<\/div>\n<div class=\"components-resizable-box__container\">\n<p><a href=\"https:\/\/climasoft.ch\/iboard\/\" aria-disabled=\"true\"><img loading=\"lazy\" decoding=\"async\" class=\"\" src=\"https:\/\/itachyon.ch\/tachyon-earth-switzerland\/ch\/fr\/wp-content\/uploads\/2022\/06\/tachyon-cable-rojo-3.png\" alt=\"L\u2019attribut alt de cette image est vide, son nom de fichier est tachyon-cable-rojo-3.png.\" width=\"496\" height=\"173\" \/><\/a><\/p>\n<\/div>\n<p id=\"block-8d2c0281-dd5b-489b-a414-1f92653ad09a\" class=\"block-editor-rich-text__editable block-editor-block-list__block wp-block wp-block-paragraph rich-text\" role=\"document\" contenteditable=\"true\" aria-multiline=\"true\" aria-label=\"Bloc\u00a0: paragraphe\" data-block=\"8d2c0281-dd5b-489b-a414-1f92653ad09a\" data-type=\"core\/paragraph\" data-title=\"Paragraphe\" data-empty=\"false\" data-wp-block-attribute-key=\"content\">Le microprocesseur Tachyon int\u00e9gr\u00e9 dans le bo\u00eetier \u00e9lectronique d&rsquo;iBOARD surveille et prot\u00e8ge votre installation 24\/7, vous informant de la temp\u00e9rature et de la consommation \u00e9nerg\u00e9tique de chaque point de l&rsquo;installation ou du chantier.<\/p>\n<p id=\"block-d7799687-ca30-44a1-b8b1-fa04cb927dfb\" class=\"block-editor-rich-text__editable block-editor-block-list__block wp-block wp-block-paragraph rich-text\" role=\"document\" contenteditable=\"true\" aria-multiline=\"true\" aria-label=\"Bloc\u00a0: paragraphe\" data-block=\"d7799687-ca30-44a1-b8b1-fa04cb927dfb\" data-type=\"core\/paragraph\" data-title=\"Paragraphe\" data-empty=\"false\" data-wp-block-attribute-key=\"content\">iBOARD obtient et montre : donn\u00e9es, temp\u00e9ratures, consommation, localisation, graphiques et alarmes sur t\u00e9l\u00e9phone, tablette, ordinateur en temps r\u00e9el !<\/p>\n<div class=\"components-resizable-box__container\">\n<p><a href=\"https:\/\/climasoft.ch\/iboard\/\" aria-disabled=\"true\"><img loading=\"lazy\" decoding=\"async\" class=\"\" src=\"https:\/\/itachyon.ch\/tachyon-earth-switzerland\/ch\/fr\/wp-content\/uploads\/2022\/06\/tachyon-iboard-04.png\" alt=\"L\u2019attribut alt de cette image est vide, son nom de fichier est tachyon-iboard-04.png.\" width=\"758\" height=\"435\" \/><\/a><\/p>\n<\/div>\n<div class=\"components-drop-zone\" data-is-drop-zone=\"true\">\n<div class=\"components-drop-zone__content\">\n<div class=\"components-drop-zone__content-inner\"><\/div>\n<\/div>\n<\/div>\n<div class=\"wp-block\" data-align=\"center\">\n<figure id=\"block-f110f4fc-b156-4936-a02b-f572b1e2f3f0\" class=\"block-editor-block-list__block size-large wp-block-image is-hovered\" tabindex=\"0\" role=\"document\" aria-label=\"Bloc\u00a0: Image\" data-block=\"f110f4fc-b156-4936-a02b-f572b1e2f3f0\" data-type=\"core\/image\" data-title=\"Image\">\n<div class=\"components-resizable-box__container\"><a href=\"https:\/\/climasoft.ch\/iboard\/\" aria-disabled=\"true\"><img loading=\"lazy\" decoding=\"async\" class=\"\" src=\"https:\/\/itachyon.ch\/tachyon-earth-switzerland\/ch\/fr\/wp-content\/uploads\/2020\/01\/Tachyon-SL-iVehicles-2022-0-2500x357.jpg\" alt=\"L\u2019attribut alt de cette image est vide, son nom de fichier est Tachyon-SL-iVehicles-2022-0-2500x357.jpg.\" width=\"723\" height=\"103\" \/><\/a><\/div>\n<\/figure>\n<\/div>\n<\/div>\n","protected":false},"excerpt":{"rendered":"<p>iBOARD vous montre l&rsquo;\u00e9tat des lieux de tous vos chantiers, clients, r\u00e9alisations, donn\u00e9es \u00e9conomiques, thermiques, \u00e9nerg\u00e9tiques et autres sur une carte en Temps R\u00e9el !<\/p>\n<p><a href=\"https:\/\/climasoft.ch\/iboard\/\" aria-disabled=\"true\"><img loading=\"lazy\" decoding=\"async\" class=\"\" src=\"https:\/\/itachyon.ch\/tachyon-earth-switzerland\/ch\/fr\/wp-content\/uploads\/2022\/06\/live-demo.png\" alt=\"L\u2019attribut alt de cette image est vide, son nom de fichier est live-demo.png.\" width=\"152\" height=\"43\" \/><\/a><\/p>\n<p>&nbsp;<\/p>\n","protected":false},"featured_media":3900,"comment_status":"open","ping_status":"closed","template":"","meta":[],"product_brand":[],"product_cat":[119,120,118,121],"product_tag":[],"class_list":{"0":"post-3889","1":"product","2":"type-product","3":"status-publish","4":"has-post-thumbnail","6":"product_cat-geothermie-logiciel-2","7":"product_cat-iot-logiciel-2","8":"product_cat-logiciel-2","9":"product_cat-ventilation-cvc","11":"first","12":"instock","13":"taxable","14":"shipping-taxable","15":"purchasable","16":"product-type-simple"},"_links":{"self":[{"href":"https:\/\/climasoft.ch\/fr-ch\/wp-json\/wp\/v2\/product\/3889","targetHints":{"allow":["GET"]}}],"collection":[{"href":"https:\/\/climasoft.ch\/fr-ch\/wp-json\/wp\/v2\/product"}],"about":[{"href":"https:\/\/climasoft.ch\/fr-ch\/wp-json\/wp\/v2\/types\/product"}],"replies":[{"embeddable":true,"href":"https:\/\/climasoft.ch\/fr-ch\/wp-json\/wp\/v2\/comments?post=3889"}],"wp:featuredmedia":[{"embeddable":true,"href":"https:\/\/climasoft.ch\/fr-ch\/wp-json\/wp\/v2\/media\/3900"}],"wp:attachment":[{"href":"https:\/\/climasoft.ch\/fr-ch\/wp-json\/wp\/v2\/media?parent=3889"}],"wp:term":[{"taxonomy":"product_brand","embeddable":true,"href":"https:\/\/climasoft.ch\/fr-ch\/wp-json\/wp\/v2\/product_brand?post=3889"},{"taxonomy":"product_cat","embeddable":true,"href":"https:\/\/climasoft.ch\/fr-ch\/wp-json\/wp\/v2\/product_cat?post=3889"},{"taxonomy":"product_tag","embeddable":true,"href":"https:\/\/climasoft.ch\/fr-ch\/wp-json\/wp\/v2\/product_tag?post=3889"}],"curies":[{"name":"wp","href":"https:\/\/api.w.org\/{rel}","templated":true}]}}