{"id":47,"date":"2023-07-18T07:10:43","date_gmt":"2023-07-18T05:10:43","guid":{"rendered":"https:\/\/climasoft.ch\/fr-ch\/?post_type=product&#038;p=47"},"modified":"2024-09-25T08:48:06","modified_gmt":"2024-09-25T06:48:06","slug":"grille-mh-mh-b","status":"publish","type":"product","link":"https:\/\/climasoft.ch\/fr-ch\/produit\/grille-mh-mh-b\/","title":{"rendered":"Grille MH \/ B"},"content":{"rendered":"<p><audio class=\"audio-for-speech\"><\/audio><\/p>\n<div class=\"translate-tooltip-mtz translator-hidden\">\n<div class=\"header\">\n<div class=\"header-controls\">Translator<\/div>\n<div class=\"header-controls\"><\/div>\n<div class=\"header-controls\"><\/div>\n<\/div>\n<div class=\"translated-text\">\n<div class=\"words\"><\/div>\n<div class=\"sentences\"><\/div>\n<\/div>\n<\/div>\n<p>&nbsp;<\/p>\n<p>Grille rectangulaire pour la pulsion et\/ou la reprise d&rsquo;air, pour les installations de climatisation ou de ventilation.<br \/>\nMH = cadre large (26 mm)<br \/>\nMH-B = cadre \u00e9troit (17 mm)<br \/>\nMat\u00e9riel : aluminium extrud\u00e9.<br \/>\nFinition standard : anodis\u00e9 couleur aluminium nature ou laqu\u00e9 en blanc.<br \/>\nD&rsquo;autres couleurs diff\u00e9rentes \u00e0 blanc et aluminium nature, sont possibles, demander le prix.<br \/>\nN&rsquo;importe quelle taille peut-\u00eatre fabriqu\u00e9e sur commande.<br \/>\nLes photos peuvent ne pas correspondre exactement au produit indiqu\u00e9.<\/p>\n<p><span class=\"embed-youtube\" style=\"text-align: left; display: block;\"><iframe loading=\"lazy\" class=\"youtube-player\" style=\"border: 0;\" src=\"https:\/\/www.youtube.com\/embed\/od0t5NUaX1U?version=3&amp;rel=1&amp;showsearch=0&amp;showinfo=1&amp;iv_load_policy=1&amp;fs=1&amp;hl=es&amp;autohide=2&amp;wmode=transparent\" width=\"338\" height=\"190\" sandbox=\"allow-scripts allow-same-origin allow-popups allow-presentation\" allowfullscreen=\"allowfullscreen\"><\/iframe><\/span><\/p>\n<p>Les images peuvent diff\u00e9rer de l&rsquo;aspect r\u00e9el du produit.<\/p>\n","protected":false},"excerpt":{"rendered":"<p><audio class=\"audio-for-speech\"><\/audio><\/p>\n<div class=\"translate-tooltip-mtz translator-hidden\">\n<div class=\"header\">\n<div class=\"header-controls\">Translator<\/div>\n<div class=\"header-controls\"><\/div>\n<div class=\"header-controls\"><\/div>\n<\/div>\n<div class=\"translated-text\">\n<div class=\"words\"><\/div>\n<div class=\"sentences\"><\/div>\n<\/div>\n<\/div>\n<p>&nbsp;<\/p>\n<p><audio class=\"audio-for-speech\"><\/audio><\/p>\n<div class=\"translate-tooltip-mtz translator-hidden\">\n<div class=\"header\">\n<div class=\"header-controls\">Translator<\/div>\n<div class=\"header-controls\"><\/div>\n<\/div>\n<div class=\"translated-text\">\n<div class=\"words\"><\/div>\n<div class=\"sentences\"><\/div>\n<\/div>\n<\/div>\n<p>&nbsp;<\/p>\n<p>Grille rectangulaire mod\u00e8le MH \/ MH-B.<br \/>\nCouleurs au m\u00eame prix : aluminium nature ou laqu\u00e9 en blanc.<br \/>\nSimple d\u00e9flexion.<br \/>\nLamelles horizontales r\u00e9glables.<br \/>\nPour la pulsion et\/ou la reprise d&rsquo;air, \u00e0 fixer sur les r\u00e9seaux de distribution d&rsquo;air des installations de climatisation ou de ventilation.<br \/>\nDimensions L x H. L = longueur de l&rsquo;ouverture. H = Hauteur de l&rsquo;ouverture<br \/>\nS\u00e9rie L 200 \u00e0 1000 et H 100 \u00e0 1000.<\/p>\n","protected":false},"featured_media":487,"comment_status":"open","ping_status":"closed","template":"","meta":[],"product_brand":[],"product_cat":[26,72,20,21,25,22,30,31,23,84],"product_tag":[28,27],"class_list":{"0":"post-47","1":"product","2":"type-product","3":"status-publish","4":"has-post-thumbnail","6":"product_cat-cvc","7":"product_cat-diffusion-dair","8":"product_cat-grilles","9":"product_cat-aluminium","10":"product_cat-lamelles-fixes","11":"product_cat-lamelles-horizontales","12":"product_cat-mh-grilles","13":"product_cat-mh-b","14":"product_cat-simple-deflexion","15":"product_cat-ventilation","16":"product_tag-aluminium","17":"product_tag-grilles","19":"first","20":"instock","21":"taxable","22":"shipping-taxable","23":"purchasable","24":"product-type-variable"},"_links":{"self":[{"href":"https:\/\/climasoft.ch\/fr-ch\/wp-json\/wp\/v2\/product\/47","targetHints":{"allow":["GET"]}}],"collection":[{"href":"https:\/\/climasoft.ch\/fr-ch\/wp-json\/wp\/v2\/product"}],"about":[{"href":"https:\/\/climasoft.ch\/fr-ch\/wp-json\/wp\/v2\/types\/product"}],"replies":[{"embeddable":true,"href":"https:\/\/climasoft.ch\/fr-ch\/wp-json\/wp\/v2\/comments?post=47"}],"wp:featuredmedia":[{"embeddable":true,"href":"https:\/\/climasoft.ch\/fr-ch\/wp-json\/wp\/v2\/media\/487"}],"wp:attachment":[{"href":"https:\/\/climasoft.ch\/fr-ch\/wp-json\/wp\/v2\/media?parent=47"}],"wp:term":[{"taxonomy":"product_brand","embeddable":true,"href":"https:\/\/climasoft.ch\/fr-ch\/wp-json\/wp\/v2\/product_brand?post=47"},{"taxonomy":"product_cat","embeddable":true,"href":"https:\/\/climasoft.ch\/fr-ch\/wp-json\/wp\/v2\/product_cat?post=47"},{"taxonomy":"product_tag","embeddable":true,"href":"https:\/\/climasoft.ch\/fr-ch\/wp-json\/wp\/v2\/product_tag?post=47"}],"curies":[{"name":"wp","href":"https:\/\/api.w.org\/{rel}","templated":true}]}}