{"id":564,"date":"2023-07-19T05:55:00","date_gmt":"2023-07-19T03:55:00","guid":{"rendered":"https:\/\/climasoft.ch\/fr-ch\/?post_type=product&#038;p=564"},"modified":"2024-09-25T08:49:01","modified_gmt":"2024-09-25T06:49:01","slug":"diffuseur-circulaire-plafonnier-ds-6-a-16","status":"publish","type":"product","link":"https:\/\/climasoft.ch\/fr-ch\/produit\/diffuseur-circulaire-plafonnier-ds-6-a-16\/","title":{"rendered":"Diffuseur plafonnier DS"},"content":{"rendered":"<p>Diffuseur circulaire plafonnier pour la pulsion d&rsquo;air, pour les installations de climatisation ou de ventilation.<br \/>\nInclus r\u00e9gulation type papillon et pont de fixation.<br \/>\nMat\u00e9riel : aluminium extrud\u00e9.<br \/>\nFinition standard : anodis\u00e9 couleur aluminium nature ou laqu\u00e9 en blanc.<br \/>\nD&rsquo;autres couleurs diff\u00e9rentes \u00e0 blanc et aluminium nature, sont possibles, demander le prix.<br \/>\nN&rsquo;importe quelle taille peut-\u00eatre fabriqu\u00e9e sur commande.<br \/>\nLes photos peuvent ne pas correspondre exactement au produit indiqu\u00e9.<\/p>\n<p><span class=\"embed-youtube\" style=\"text-align:left; display: block;\"><iframe loading=\"lazy\" class=\"youtube-player\" width=\"338\" height=\"190\" src=\"https:\/\/www.youtube.com\/embed\/od0t5NUaX1U?version=3&#038;rel=1&#038;showsearch=0&#038;showinfo=1&#038;iv_load_policy=1&#038;fs=1&#038;hl=es&#038;autohide=2&#038;wmode=transparent\" allowfullscreen=\"true\" style=\"border:0;\" sandbox=\"allow-scripts allow-same-origin allow-popups allow-presentation\"><\/iframe><\/span><\/p>\n<p>Les images peuvent diff\u00e9rer de l&rsquo;aspect r\u00e9el du produit.<\/p>\n","protected":false},"excerpt":{"rendered":"<p>Diffuseur circulaire plafonnier mod\u00e8le DS pour toit d&rsquo;hauteur standard.<br \/>\nCouleurs au m\u00eame prix : aluminium nature ou laqu\u00e9 en blanc.<br \/>\nPour des hauteurs de pulsion inf\u00e9rieures \u00e0 3 m\u00e8tres.<br \/>\nPour la pulsion d&rsquo;air, \u00e0 fixer sur les r\u00e9seaux de distribution d&rsquo;air des installations de climatisation ou de ventilation.<br \/>\nDimensions de l&rsquo;ouverture en pousse.<br \/>\nS\u00e9rie DS de 6 \u00e0 16 pousses.<\/p>\n","protected":false},"featured_media":823,"comment_status":"open","ping_status":"closed","template":"","meta":[],"product_brand":[],"product_cat":[26,40,44,41,47,42,72,84],"product_tag":[28,45],"class_list":{"0":"post-564","1":"product","2":"type-product","3":"status-publish","4":"has-post-thumbnail","6":"product_cat-cvc","7":"product_cat-diffuseur","8":"product_cat-aluminium-diffuseur","9":"product_cat-circulaire","10":"product_cat-ds","11":"product_cat-toits-standards","12":"product_cat-diffusion-dair","13":"product_cat-ventilation","14":"product_tag-aluminium","15":"product_tag-diffuseur","17":"first","18":"instock","19":"taxable","20":"shipping-taxable","21":"purchasable","22":"product-type-variable"},"_links":{"self":[{"href":"https:\/\/climasoft.ch\/fr-ch\/wp-json\/wp\/v2\/product\/564","targetHints":{"allow":["GET"]}}],"collection":[{"href":"https:\/\/climasoft.ch\/fr-ch\/wp-json\/wp\/v2\/product"}],"about":[{"href":"https:\/\/climasoft.ch\/fr-ch\/wp-json\/wp\/v2\/types\/product"}],"replies":[{"embeddable":true,"href":"https:\/\/climasoft.ch\/fr-ch\/wp-json\/wp\/v2\/comments?post=564"}],"wp:featuredmedia":[{"embeddable":true,"href":"https:\/\/climasoft.ch\/fr-ch\/wp-json\/wp\/v2\/media\/823"}],"wp:attachment":[{"href":"https:\/\/climasoft.ch\/fr-ch\/wp-json\/wp\/v2\/media?parent=564"}],"wp:term":[{"taxonomy":"product_brand","embeddable":true,"href":"https:\/\/climasoft.ch\/fr-ch\/wp-json\/wp\/v2\/product_brand?post=564"},{"taxonomy":"product_cat","embeddable":true,"href":"https:\/\/climasoft.ch\/fr-ch\/wp-json\/wp\/v2\/product_cat?post=564"},{"taxonomy":"product_tag","embeddable":true,"href":"https:\/\/climasoft.ch\/fr-ch\/wp-json\/wp\/v2\/product_tag?post=564"}],"curies":[{"name":"wp","href":"https:\/\/api.w.org\/{rel}","templated":true}]}}